{"id":87995,"date":"2026-04-09T00:06:10","date_gmt":"2026-04-08T21:06:10","guid":{"rendered":"https:\/\/rezekne.citro.lv\/veikals\/karumi-primadog-jera-gala-maltite-260g\/"},"modified":"2026-04-09T00:06:12","modified_gmt":"2026-04-08T21:06:12","slug":"karumi-primadog-jera-gala-maltite-260g","status":"publish","type":"product","link":"https:\/\/rezekne.citro.lv\/ru\/product\/karumi-primadog-jera-gala-maltite-260g\/","title":{"rendered":"K\u0100RUMI PRIMADOG J\u0112RA GA\u013bA MALT\u012aTE 260G"},"content":{"rendered":"<p>Izcelsmes valsts: Igaunija<\/p>\n","protected":false},"excerpt":{"rendered":"<p>6.50 \u20ac\/KG<\/p>\n","protected":false},"featured_media":81275,"template":"","meta":{"_acf_changed":false,"inline_featured_image":false},"product_cat":[153,154],"product_tag":[],"acf":[],"aioseo_notices":[],"_links":{"self":[{"href":"https:\/\/rezekne.citro.lv\/ru\/wp-json\/wp\/v2\/product\/87995"}],"collection":[{"href":"https:\/\/rezekne.citro.lv\/ru\/wp-json\/wp\/v2\/product"}],"about":[{"href":"https:\/\/rezekne.citro.lv\/ru\/wp-json\/wp\/v2\/types\/product"}],"wp:featuredmedia":[{"embeddable":true,"href":"https:\/\/rezekne.citro.lv\/ru\/wp-json\/wp\/v2\/media\/81275"}],"wp:attachment":[{"href":"https:\/\/rezekne.citro.lv\/ru\/wp-json\/wp\/v2\/media?parent=87995"}],"wp:term":[{"taxonomy":"product_cat","embeddable":true,"href":"https:\/\/rezekne.citro.lv\/ru\/wp-json\/wp\/v2\/product_cat?post=87995"},{"taxonomy":"product_tag","embeddable":true,"href":"https:\/\/rezekne.citro.lv\/ru\/wp-json\/wp\/v2\/product_tag?post=87995"}],"curies":[{"name":"wp","href":"https:\/\/api.w.org\/{rel}","templated":true}]}}