{"id":88018,"date":"2026-03-26T00:04:18","date_gmt":"2026-03-25T22:04:18","guid":{"rendered":"https:\/\/rezekne.citro.lv\/veikals\/saldejums-mr-big-bruklenu-un-karamelu-krejuma-saldejums-1-4l-680g\/"},"modified":"2026-05-03T06:00:40","modified_gmt":"2026-05-03T03:00:40","slug":"saldejums-mr-big-bruklenu-un-karamelu-krejuma-saldejums-1-4l-680g","status":"publish","type":"product","link":"https:\/\/rezekne.citro.lv\/ru\/product\/saldejums-mr-big-bruklenu-un-karamelu-krejuma-saldejums-1-4l-680g\/","title":{"rendered":"SALD\u0112JUMS MR. BIG BR\u016aKLE\u0145U UN KARAME\u013bU KR\u0112JUMA SALD\u0112JUMS 1.4L\/680G"},"content":{"rendered":"<p>Izcelsmes valsts: Igaunija<\/p>\n","protected":false},"excerpt":{"rendered":"<p>11.31 \u20ac\/KG<\/p>\n","protected":false},"featured_media":88086,"template":"","meta":{"_acf_changed":false,"inline_featured_image":false},"product_cat":[233,234],"product_tag":[],"acf":[],"aioseo_notices":[],"_links":{"self":[{"href":"https:\/\/rezekne.citro.lv\/ru\/wp-json\/wp\/v2\/product\/88018"}],"collection":[{"href":"https:\/\/rezekne.citro.lv\/ru\/wp-json\/wp\/v2\/product"}],"about":[{"href":"https:\/\/rezekne.citro.lv\/ru\/wp-json\/wp\/v2\/types\/product"}],"wp:featuredmedia":[{"embeddable":true,"href":"https:\/\/rezekne.citro.lv\/ru\/wp-json\/wp\/v2\/media\/88086"}],"wp:attachment":[{"href":"https:\/\/rezekne.citro.lv\/ru\/wp-json\/wp\/v2\/media?parent=88018"}],"wp:term":[{"taxonomy":"product_cat","embeddable":true,"href":"https:\/\/rezekne.citro.lv\/ru\/wp-json\/wp\/v2\/product_cat?post=88018"},{"taxonomy":"product_tag","embeddable":true,"href":"https:\/\/rezekne.citro.lv\/ru\/wp-json\/wp\/v2\/product_tag?post=88018"}],"curies":[{"name":"wp","href":"https:\/\/api.w.org\/{rel}","templated":true}]}}