{"id":88023,"date":"2026-02-26T00:19:05","date_gmt":"2026-02-25T22:19:05","guid":{"rendered":"https:\/\/rezekne.citro.lv\/veikals\/saldejums-balticovo-olu-plombira-vafelu-glazite-120ml-70g\/"},"modified":"2026-04-24T06:03:27","modified_gmt":"2026-04-24T03:03:27","slug":"saldejums-balticovo-olu-plombira-vafelu-glazite-120ml-70g","status":"publish","type":"product","link":"https:\/\/rezekne.citro.lv\/ru\/product\/saldejums-balticovo-olu-plombira-vafelu-glazite-120ml-70g\/","title":{"rendered":"SALD\u0112JUMS BALTICOVO OLU PLOMB\u012aRA VAFE\u013bU GL\u0100Z\u012aT\u0112 120ML\/70G"},"content":{"rendered":"<p>Izcelsmes valsts: Latvija<\/p>\n","protected":false},"excerpt":{"rendered":"<p>9.86 \u20ac\/KG<\/p>\n","protected":false},"featured_media":88199,"template":"","meta":{"_acf_changed":false,"inline_featured_image":false},"product_cat":[233,234],"product_tag":[],"acf":[],"aioseo_notices":[],"_links":{"self":[{"href":"https:\/\/rezekne.citro.lv\/ru\/wp-json\/wp\/v2\/product\/88023"}],"collection":[{"href":"https:\/\/rezekne.citro.lv\/ru\/wp-json\/wp\/v2\/product"}],"about":[{"href":"https:\/\/rezekne.citro.lv\/ru\/wp-json\/wp\/v2\/types\/product"}],"wp:featuredmedia":[{"embeddable":true,"href":"https:\/\/rezekne.citro.lv\/ru\/wp-json\/wp\/v2\/media\/88199"}],"wp:attachment":[{"href":"https:\/\/rezekne.citro.lv\/ru\/wp-json\/wp\/v2\/media?parent=88023"}],"wp:term":[{"taxonomy":"product_cat","embeddable":true,"href":"https:\/\/rezekne.citro.lv\/ru\/wp-json\/wp\/v2\/product_cat?post=88023"},{"taxonomy":"product_tag","embeddable":true,"href":"https:\/\/rezekne.citro.lv\/ru\/wp-json\/wp\/v2\/product_tag?post=88023"}],"curies":[{"name":"wp","href":"https:\/\/api.w.org\/{rel}","templated":true}]}}