{"id":88024,"date":"2026-03-26T00:30:59","date_gmt":"2026-03-25T22:30:59","guid":{"rendered":"https:\/\/rezekne.citro.lv\/veikals\/siera-maisijums-dziugas-picia-rivets-200g\/"},"modified":"2026-04-19T06:03:45","modified_gmt":"2026-04-19T03:03:45","slug":"siera-maisijums-dziugas-picia-rivets-200g","status":"publish","type":"product","link":"https:\/\/rezekne.citro.lv\/ru\/product\/siera-maisijums-dziugas-picia-rivets-200g\/","title":{"rendered":"SIERA MAIS\u012aJUMS D\u017dIUGAS PICIA R\u012aV\u0112TS 200G"},"content":{"rendered":"<p>Izcelsmes valsts: Lietuva<\/p>\n","protected":false},"excerpt":{"rendered":"<p>13.95 \u20ac\/KG<\/p>\n","protected":false},"featured_media":88252,"template":"","meta":{"_acf_changed":false,"inline_featured_image":false},"product_cat":[95,225],"product_tag":[],"acf":[],"aioseo_notices":[],"_links":{"self":[{"href":"https:\/\/rezekne.citro.lv\/ru\/wp-json\/wp\/v2\/product\/88024"}],"collection":[{"href":"https:\/\/rezekne.citro.lv\/ru\/wp-json\/wp\/v2\/product"}],"about":[{"href":"https:\/\/rezekne.citro.lv\/ru\/wp-json\/wp\/v2\/types\/product"}],"wp:featuredmedia":[{"embeddable":true,"href":"https:\/\/rezekne.citro.lv\/ru\/wp-json\/wp\/v2\/media\/88252"}],"wp:attachment":[{"href":"https:\/\/rezekne.citro.lv\/ru\/wp-json\/wp\/v2\/media?parent=88024"}],"wp:term":[{"taxonomy":"product_cat","embeddable":true,"href":"https:\/\/rezekne.citro.lv\/ru\/wp-json\/wp\/v2\/product_cat?post=88024"},{"taxonomy":"product_tag","embeddable":true,"href":"https:\/\/rezekne.citro.lv\/ru\/wp-json\/wp\/v2\/product_tag?post=88024"}],"curies":[{"name":"wp","href":"https:\/\/api.w.org\/{rel}","templated":true}]}}