{"id":88445,"date":"2026-04-23T00:34:53","date_gmt":"2026-04-22T21:34:53","guid":{"rendered":"https:\/\/rezekne.citro.lv\/veikals\/ziepes-skidras-palmolive-milkhoney-300ml\/"},"modified":"2026-04-23T00:34:58","modified_gmt":"2026-04-22T21:34:58","slug":"ziepes-skidras-palmolive-milkhoney-300ml","status":"publish","type":"product","link":"https:\/\/rezekne.citro.lv\/ru\/product\/ziepes-skidras-palmolive-milkhoney-300ml\/","title":{"rendered":"ZIEPES \u0160\u0136IDR\u0100S PALMOLIVE MILK&#038;HONEY 300ML"},"content":{"rendered":"","protected":false},"excerpt":{"rendered":"<p>6.63 \u20ac\/L<\/p>\n","protected":false},"featured_media":0,"template":"","meta":{"_acf_changed":false,"inline_featured_image":false},"product_cat":[127,129],"product_tag":[],"acf":[],"aioseo_notices":[],"_links":{"self":[{"href":"https:\/\/rezekne.citro.lv\/ru\/wp-json\/wp\/v2\/product\/88445"}],"collection":[{"href":"https:\/\/rezekne.citro.lv\/ru\/wp-json\/wp\/v2\/product"}],"about":[{"href":"https:\/\/rezekne.citro.lv\/ru\/wp-json\/wp\/v2\/types\/product"}],"wp:attachment":[{"href":"https:\/\/rezekne.citro.lv\/ru\/wp-json\/wp\/v2\/media?parent=88445"}],"wp:term":[{"taxonomy":"product_cat","embeddable":true,"href":"https:\/\/rezekne.citro.lv\/ru\/wp-json\/wp\/v2\/product_cat?post=88445"},{"taxonomy":"product_tag","embeddable":true,"href":"https:\/\/rezekne.citro.lv\/ru\/wp-json\/wp\/v2\/product_tag?post=88445"}],"curies":[{"name":"wp","href":"https:\/\/api.w.org\/{rel}","templated":true}]}}