{"id":88570,"date":"2026-03-27T00:02:39","date_gmt":"2026-03-26T22:02:39","guid":{"rendered":"https:\/\/rezekne.citro.lv\/veikals\/risu-nudelu-zupa-ar-vistas-garsu-pho-oh-71g\/"},"modified":"2026-04-01T06:12:41","modified_gmt":"2026-04-01T03:12:41","slug":"risu-nudelu-zupa-ar-vistas-garsu-pho-oh-71g","status":"publish","type":"product","link":"https:\/\/rezekne.citro.lv\/ru\/product\/risu-nudelu-zupa-ar-vistas-garsu-pho-oh-71g\/","title":{"rendered":"R\u012aSU N\u016aDE\u013bU ZUPA AR VISTAS GAR\u0160U PHO OH! 71G"},"content":{"rendered":"<p>Izcelsmes valsts: Vjetnama<\/p>\n","protected":false},"excerpt":{"rendered":"<p>13.38 \u20ac\/KG<\/p>\n","protected":false},"featured_media":92039,"template":"","meta":{"_acf_changed":false,"inline_featured_image":false},"product_cat":[111,138],"product_tag":[],"acf":[],"aioseo_notices":[],"_links":{"self":[{"href":"https:\/\/rezekne.citro.lv\/ru\/wp-json\/wp\/v2\/product\/88570"}],"collection":[{"href":"https:\/\/rezekne.citro.lv\/ru\/wp-json\/wp\/v2\/product"}],"about":[{"href":"https:\/\/rezekne.citro.lv\/ru\/wp-json\/wp\/v2\/types\/product"}],"wp:featuredmedia":[{"embeddable":true,"href":"https:\/\/rezekne.citro.lv\/ru\/wp-json\/wp\/v2\/media\/92039"}],"wp:attachment":[{"href":"https:\/\/rezekne.citro.lv\/ru\/wp-json\/wp\/v2\/media?parent=88570"}],"wp:term":[{"taxonomy":"product_cat","embeddable":true,"href":"https:\/\/rezekne.citro.lv\/ru\/wp-json\/wp\/v2\/product_cat?post=88570"},{"taxonomy":"product_tag","embeddable":true,"href":"https:\/\/rezekne.citro.lv\/ru\/wp-json\/wp\/v2\/product_tag?post=88570"}],"curies":[{"name":"wp","href":"https:\/\/api.w.org\/{rel}","templated":true}]}}