{"id":88617,"date":"2026-03-26T00:03:54","date_gmt":"2026-03-25T22:03:54","guid":{"rendered":"https:\/\/rezekne.citro.lv\/veikals\/lidzeklis-tirisanas-harpic-power-max-10-wc-ar-citr-arom-750ml\/"},"modified":"2026-04-06T06:00:28","modified_gmt":"2026-04-06T03:00:28","slug":"lidzeklis-tirisanas-harpic-power-max-10-wc-ar-citr-arom-750ml","status":"publish","type":"product","link":"https:\/\/rezekne.citro.lv\/ru\/product\/lidzeklis-tirisanas-harpic-power-max-10-wc-ar-citr-arom-750ml\/","title":{"rendered":"L\u012aDZEKLIS T\u012aR\u012a\u0160ANAS HARPIC POWER MAX 10  WC AR CITR.AROM.750ML"},"content":{"rendered":"","protected":false},"excerpt":{"rendered":"<p>3.19 \u20ac\/L<\/p>\n","protected":false},"featured_media":89560,"template":"","meta":{"_acf_changed":false,"inline_featured_image":false},"product_cat":[131,169],"product_tag":[],"acf":[],"aioseo_notices":[],"_links":{"self":[{"href":"https:\/\/rezekne.citro.lv\/ru\/wp-json\/wp\/v2\/product\/88617"}],"collection":[{"href":"https:\/\/rezekne.citro.lv\/ru\/wp-json\/wp\/v2\/product"}],"about":[{"href":"https:\/\/rezekne.citro.lv\/ru\/wp-json\/wp\/v2\/types\/product"}],"wp:featuredmedia":[{"embeddable":true,"href":"https:\/\/rezekne.citro.lv\/ru\/wp-json\/wp\/v2\/media\/89560"}],"wp:attachment":[{"href":"https:\/\/rezekne.citro.lv\/ru\/wp-json\/wp\/v2\/media?parent=88617"}],"wp:term":[{"taxonomy":"product_cat","embeddable":true,"href":"https:\/\/rezekne.citro.lv\/ru\/wp-json\/wp\/v2\/product_cat?post=88617"},{"taxonomy":"product_tag","embeddable":true,"href":"https:\/\/rezekne.citro.lv\/ru\/wp-json\/wp\/v2\/product_tag?post=88617"}],"curies":[{"name":"wp","href":"https:\/\/api.w.org\/{rel}","templated":true}]}}