{"id":88650,"date":"2026-01-02T00:33:41","date_gmt":"2026-01-01T22:33:41","guid":{"rendered":"https:\/\/rezekne.citro.lv\/veikals\/ziepes-skidras-saimniecibas-72-ecologic-economic-universalas-1l\/"},"modified":"2026-05-05T12:00:21","modified_gmt":"2026-05-05T09:00:21","slug":"ziepes-skidras-saimniecibas-72-ecologic-economic-universalas-1l","status":"publish","type":"product","link":"https:\/\/rezekne.citro.lv\/ru\/product\/ziepes-skidras-saimniecibas-72-ecologic-economic-universalas-1l\/","title":{"rendered":"ZIEPES \u0160\u0136IDR\u0100S SAIMNIEC\u012aBAS 72% ECOLOGIC ECONOMIC UNIVERS\u0100L\u0100S 1L"},"content":{"rendered":"","protected":false},"excerpt":{"rendered":"<p>1.89 \u20ac\/L<\/p>\n","protected":false},"featured_media":0,"template":"","meta":{"_acf_changed":false,"inline_featured_image":false},"product_cat":[131,169],"product_tag":[],"acf":[],"aioseo_notices":[],"_links":{"self":[{"href":"https:\/\/rezekne.citro.lv\/ru\/wp-json\/wp\/v2\/product\/88650"}],"collection":[{"href":"https:\/\/rezekne.citro.lv\/ru\/wp-json\/wp\/v2\/product"}],"about":[{"href":"https:\/\/rezekne.citro.lv\/ru\/wp-json\/wp\/v2\/types\/product"}],"wp:attachment":[{"href":"https:\/\/rezekne.citro.lv\/ru\/wp-json\/wp\/v2\/media?parent=88650"}],"wp:term":[{"taxonomy":"product_cat","embeddable":true,"href":"https:\/\/rezekne.citro.lv\/ru\/wp-json\/wp\/v2\/product_cat?post=88650"},{"taxonomy":"product_tag","embeddable":true,"href":"https:\/\/rezekne.citro.lv\/ru\/wp-json\/wp\/v2\/product_tag?post=88650"}],"curies":[{"name":"wp","href":"https:\/\/api.w.org\/{rel}","templated":true}]}}