{"id":88656,"date":"2026-04-23T00:06:14","date_gmt":"2026-04-22T21:06:14","guid":{"rendered":"https:\/\/rezekne.citro.lv\/veikals\/papira-dvielis-grite-perlum-jumbo-500-loksnes-3-slani\/"},"modified":"2026-04-23T00:06:21","modified_gmt":"2026-04-22T21:06:21","slug":"papira-dvielis-grite-perlum-jumbo-500-loksnes-3-slani","status":"publish","type":"product","link":"https:\/\/rezekne.citro.lv\/ru\/product\/papira-dvielis-grite-perlum-jumbo-500-loksnes-3-slani\/","title":{"rendered":"PAP\u012aRA DVIELIS GRITE PERLUM JUMBO 500 LOKSNES 2 SL\u0100\u0145I"},"content":{"rendered":"","protected":false},"excerpt":{"rendered":"","protected":false},"featured_media":0,"template":"","meta":{"_acf_changed":false,"inline_featured_image":false},"product_cat":[131,163],"product_tag":[],"acf":[],"aioseo_notices":[],"_links":{"self":[{"href":"https:\/\/rezekne.citro.lv\/ru\/wp-json\/wp\/v2\/product\/88656"}],"collection":[{"href":"https:\/\/rezekne.citro.lv\/ru\/wp-json\/wp\/v2\/product"}],"about":[{"href":"https:\/\/rezekne.citro.lv\/ru\/wp-json\/wp\/v2\/types\/product"}],"wp:attachment":[{"href":"https:\/\/rezekne.citro.lv\/ru\/wp-json\/wp\/v2\/media?parent=88656"}],"wp:term":[{"taxonomy":"product_cat","embeddable":true,"href":"https:\/\/rezekne.citro.lv\/ru\/wp-json\/wp\/v2\/product_cat?post=88656"},{"taxonomy":"product_tag","embeddable":true,"href":"https:\/\/rezekne.citro.lv\/ru\/wp-json\/wp\/v2\/product_tag?post=88656"}],"curies":[{"name":"wp","href":"https:\/\/api.w.org\/{rel}","templated":true}]}}