{"id":89588,"date":"2026-04-23T00:03:46","date_gmt":"2026-04-22T21:03:46","guid":{"rendered":"https:\/\/rezekne.citro.lv\/veikals\/teja-auglu-ar-persiku-un-citrona-garsu-loyd-2gx20tm\/"},"modified":"2026-05-12T06:00:30","modified_gmt":"2026-05-12T03:00:30","slug":"teja-auglu-ar-persiku-un-citrona-garsu-loyd-2gx20tm","status":"publish","type":"product","link":"https:\/\/rezekne.citro.lv\/ru\/product\/teja-auglu-ar-persiku-un-citrona-garsu-loyd-2gx20tm\/","title":{"rendered":"T\u0112JA AUG\u013bU AR PERSIKU UN CITRONA GAR\u0160U LOYD 2GX20TM"},"content":{"rendered":"<p>Izcelsmes valsts: Polija<\/p>\n","protected":false},"excerpt":{"rendered":"<p>49.75 \u20ac\/KG<\/p>\n","protected":false},"featured_media":91338,"template":"","meta":{"_acf_changed":false,"inline_featured_image":false},"product_cat":[142,143],"product_tag":[],"acf":[],"aioseo_notices":[],"_links":{"self":[{"href":"https:\/\/rezekne.citro.lv\/ru\/wp-json\/wp\/v2\/product\/89588"}],"collection":[{"href":"https:\/\/rezekne.citro.lv\/ru\/wp-json\/wp\/v2\/product"}],"about":[{"href":"https:\/\/rezekne.citro.lv\/ru\/wp-json\/wp\/v2\/types\/product"}],"wp:featuredmedia":[{"embeddable":true,"href":"https:\/\/rezekne.citro.lv\/ru\/wp-json\/wp\/v2\/media\/91338"}],"wp:attachment":[{"href":"https:\/\/rezekne.citro.lv\/ru\/wp-json\/wp\/v2\/media?parent=89588"}],"wp:term":[{"taxonomy":"product_cat","embeddable":true,"href":"https:\/\/rezekne.citro.lv\/ru\/wp-json\/wp\/v2\/product_cat?post=89588"},{"taxonomy":"product_tag","embeddable":true,"href":"https:\/\/rezekne.citro.lv\/ru\/wp-json\/wp\/v2\/product_tag?post=89588"}],"curies":[{"name":"wp","href":"https:\/\/api.w.org\/{rel}","templated":true}]}}