{"id":89590,"date":"2026-03-26T00:04:02","date_gmt":"2026-03-25T22:04:02","guid":{"rendered":"https:\/\/rezekne.citro.lv\/veikals\/teja-melna-zala-loyd-moonlight-garden-1-75gx20tm\/"},"modified":"2026-03-26T00:04:06","modified_gmt":"2026-03-25T22:04:06","slug":"teja-melna-zala-loyd-moonlight-garden-1-75gx20tm","status":"publish","type":"product","link":"https:\/\/rezekne.citro.lv\/ru\/product\/teja-melna-zala-loyd-moonlight-garden-1-75gx20tm\/","title":{"rendered":"T\u0112JA MELN\u0100 ZA\u013b\u0100 LOYD MOONLIGHT GARDEN 1.75GX20TM"},"content":{"rendered":"<p>Izcelsmes valsts: Polija<\/p>\n","protected":false},"excerpt":{"rendered":"<p>79.71 \u20ac\/KG<\/p>\n","protected":false},"featured_media":91344,"template":"","meta":{"_acf_changed":false,"inline_featured_image":false},"product_cat":[142,143],"product_tag":[],"acf":[],"aioseo_notices":[],"_links":{"self":[{"href":"https:\/\/rezekne.citro.lv\/ru\/wp-json\/wp\/v2\/product\/89590"}],"collection":[{"href":"https:\/\/rezekne.citro.lv\/ru\/wp-json\/wp\/v2\/product"}],"about":[{"href":"https:\/\/rezekne.citro.lv\/ru\/wp-json\/wp\/v2\/types\/product"}],"wp:featuredmedia":[{"embeddable":true,"href":"https:\/\/rezekne.citro.lv\/ru\/wp-json\/wp\/v2\/media\/91344"}],"wp:attachment":[{"href":"https:\/\/rezekne.citro.lv\/ru\/wp-json\/wp\/v2\/media?parent=89590"}],"wp:term":[{"taxonomy":"product_cat","embeddable":true,"href":"https:\/\/rezekne.citro.lv\/ru\/wp-json\/wp\/v2\/product_cat?post=89590"},{"taxonomy":"product_tag","embeddable":true,"href":"https:\/\/rezekne.citro.lv\/ru\/wp-json\/wp\/v2\/product_tag?post=89590"}],"curies":[{"name":"wp","href":"https:\/\/api.w.org\/{rel}","templated":true}]}}