{"id":89624,"date":"2026-01-15T00:04:36","date_gmt":"2026-01-14T22:04:36","guid":{"rendered":"https:\/\/rezekne.citro.lv\/veikals\/energijas-dzeriens-cult-blueberry-coconut-0-5l-skard\/"},"modified":"2026-04-15T06:03:50","modified_gmt":"2026-04-15T03:03:50","slug":"energijas-dzeriens-cult-blueberry-coconut-0-5l-skard","status":"publish","type":"product","link":"https:\/\/rezekne.citro.lv\/ru\/product\/energijas-dzeriens-cult-blueberry-coconut-0-5l-skard\/","title":{"rendered":"ENER\u0122IJAS DZ\u0112RIENS CULT BLUEBERRY COCONUT 0.5L SK\u0100RD."},"content":{"rendered":"<p>Izcelsmes valsts: Valsts \u2013 nav zi\u0146u<\/p>\n","protected":false},"excerpt":{"rendered":"<p>2.98 \u20ac\/L<\/p>\n","protected":false},"featured_media":91127,"template":"","meta":{"_acf_changed":false,"inline_featured_image":false},"product_cat":[106,217],"product_tag":[],"acf":[],"aioseo_notices":[],"_links":{"self":[{"href":"https:\/\/rezekne.citro.lv\/ru\/wp-json\/wp\/v2\/product\/89624"}],"collection":[{"href":"https:\/\/rezekne.citro.lv\/ru\/wp-json\/wp\/v2\/product"}],"about":[{"href":"https:\/\/rezekne.citro.lv\/ru\/wp-json\/wp\/v2\/types\/product"}],"wp:featuredmedia":[{"embeddable":true,"href":"https:\/\/rezekne.citro.lv\/ru\/wp-json\/wp\/v2\/media\/91127"}],"wp:attachment":[{"href":"https:\/\/rezekne.citro.lv\/ru\/wp-json\/wp\/v2\/media?parent=89624"}],"wp:term":[{"taxonomy":"product_cat","embeddable":true,"href":"https:\/\/rezekne.citro.lv\/ru\/wp-json\/wp\/v2\/product_cat?post=89624"},{"taxonomy":"product_tag","embeddable":true,"href":"https:\/\/rezekne.citro.lv\/ru\/wp-json\/wp\/v2\/product_tag?post=89624"}],"curies":[{"name":"wp","href":"https:\/\/api.w.org\/{rel}","templated":true}]}}