{"id":89626,"date":"2026-02-26T00:19:48","date_gmt":"2026-02-25T22:19:48","guid":{"rendered":"https:\/\/rezekne.citro.lv\/veikals\/sulas-dzeriens-cido-exclusive-dzervenu-1l\/"},"modified":"2026-04-13T12:00:27","modified_gmt":"2026-04-13T09:00:27","slug":"sulas-dzeriens-cido-exclusive-dzervenu-1l","status":"publish","type":"product","link":"https:\/\/rezekne.citro.lv\/ru\/product\/sulas-dzeriens-cido-exclusive-dzervenu-1l\/","title":{"rendered":"SULAS DZ\u0112RIENS CIDO EXCLUSIVE DZ\u0112RVE\u0145U 1L"},"content":{"rendered":"<p>Izcelsmes valsts: Latvija<\/p>\n","protected":false},"excerpt":{"rendered":"<p>2.39 \u20ac\/L<\/p>\n","protected":false},"featured_media":92134,"template":"","meta":{"_acf_changed":false,"inline_featured_image":false},"product_cat":[106,124],"product_tag":[],"acf":[],"aioseo_notices":[],"_links":{"self":[{"href":"https:\/\/rezekne.citro.lv\/ru\/wp-json\/wp\/v2\/product\/89626"}],"collection":[{"href":"https:\/\/rezekne.citro.lv\/ru\/wp-json\/wp\/v2\/product"}],"about":[{"href":"https:\/\/rezekne.citro.lv\/ru\/wp-json\/wp\/v2\/types\/product"}],"wp:featuredmedia":[{"embeddable":true,"href":"https:\/\/rezekne.citro.lv\/ru\/wp-json\/wp\/v2\/media\/92134"}],"wp:attachment":[{"href":"https:\/\/rezekne.citro.lv\/ru\/wp-json\/wp\/v2\/media?parent=89626"}],"wp:term":[{"taxonomy":"product_cat","embeddable":true,"href":"https:\/\/rezekne.citro.lv\/ru\/wp-json\/wp\/v2\/product_cat?post=89626"},{"taxonomy":"product_tag","embeddable":true,"href":"https:\/\/rezekne.citro.lv\/ru\/wp-json\/wp\/v2\/product_tag?post=89626"}],"curies":[{"name":"wp","href":"https:\/\/api.w.org\/{rel}","templated":true}]}}