{"id":89656,"date":"2026-04-23T00:32:31","date_gmt":"2026-04-22T21:32:31","guid":{"rendered":"https:\/\/rezekne.citro.lv\/veikals\/merce-saldskaba-medus-calim-spilva-510g\/"},"modified":"2026-04-23T00:32:33","modified_gmt":"2026-04-22T21:32:33","slug":"merce-saldskaba-medus-calim-spilva-510g","status":"publish","type":"product","link":"https:\/\/rezekne.citro.lv\/ru\/product\/merce-saldskaba-medus-calim-spilva-510g\/","title":{"rendered":"M\u0112RCE SALDSK\u0100B\u0100 MEDUS C\u0100LIM SPILVA 510G"},"content":{"rendered":"<p>Izcelsmes valsts: Latvija<\/p>\n","protected":false},"excerpt":{"rendered":"<p>4.69 \u20ac\/KG<\/p>\n","protected":false},"featured_media":91363,"template":"","meta":{"_acf_changed":false,"inline_featured_image":false},"product_cat":[116,533],"product_tag":[],"acf":[],"aioseo_notices":[],"_links":{"self":[{"href":"https:\/\/rezekne.citro.lv\/ru\/wp-json\/wp\/v2\/product\/89656"}],"collection":[{"href":"https:\/\/rezekne.citro.lv\/ru\/wp-json\/wp\/v2\/product"}],"about":[{"href":"https:\/\/rezekne.citro.lv\/ru\/wp-json\/wp\/v2\/types\/product"}],"wp:featuredmedia":[{"embeddable":true,"href":"https:\/\/rezekne.citro.lv\/ru\/wp-json\/wp\/v2\/media\/91363"}],"wp:attachment":[{"href":"https:\/\/rezekne.citro.lv\/ru\/wp-json\/wp\/v2\/media?parent=89656"}],"wp:term":[{"taxonomy":"product_cat","embeddable":true,"href":"https:\/\/rezekne.citro.lv\/ru\/wp-json\/wp\/v2\/product_cat?post=89656"},{"taxonomy":"product_tag","embeddable":true,"href":"https:\/\/rezekne.citro.lv\/ru\/wp-json\/wp\/v2\/product_tag?post=89656"}],"curies":[{"name":"wp","href":"https:\/\/api.w.org\/{rel}","templated":true}]}}