{"id":89688,"date":"2026-05-07T00:04:54","date_gmt":"2026-05-06T21:04:54","guid":{"rendered":"https:\/\/rezekne.citro.lv\/veikals\/desinas-kupinatas-cala-ar-sieru-400g-kekava\/"},"modified":"2026-05-13T06:03:08","modified_gmt":"2026-05-13T03:03:08","slug":"desinas-kupinatas-cala-ar-sieru-400g-kekava","status":"publish","type":"product","link":"https:\/\/rezekne.citro.lv\/ru\/product\/desinas-kupinatas-cala-ar-sieru-400g-kekava\/","title":{"rendered":"DESI\u0145AS K\u016aPIN\u0100TAS C\u0100\u013bA  AR SIERU 400G  \u0136EKAVA"},"content":{"rendered":"<p>Izcelsmes valsts: Latvija<\/p>\n","protected":false},"excerpt":{"rendered":"<p>5.73 \u20ac\/KG<\/p>\n","protected":false},"featured_media":89842,"template":"","meta":{"_acf_changed":false,"inline_featured_image":false},"product_cat":[135,177],"product_tag":[],"acf":[],"aioseo_notices":[],"_links":{"self":[{"href":"https:\/\/rezekne.citro.lv\/ru\/wp-json\/wp\/v2\/product\/89688"}],"collection":[{"href":"https:\/\/rezekne.citro.lv\/ru\/wp-json\/wp\/v2\/product"}],"about":[{"href":"https:\/\/rezekne.citro.lv\/ru\/wp-json\/wp\/v2\/types\/product"}],"wp:featuredmedia":[{"embeddable":true,"href":"https:\/\/rezekne.citro.lv\/ru\/wp-json\/wp\/v2\/media\/89842"}],"wp:attachment":[{"href":"https:\/\/rezekne.citro.lv\/ru\/wp-json\/wp\/v2\/media?parent=89688"}],"wp:term":[{"taxonomy":"product_cat","embeddable":true,"href":"https:\/\/rezekne.citro.lv\/ru\/wp-json\/wp\/v2\/product_cat?post=89688"},{"taxonomy":"product_tag","embeddable":true,"href":"https:\/\/rezekne.citro.lv\/ru\/wp-json\/wp\/v2\/product_tag?post=89688"}],"curies":[{"name":"wp","href":"https:\/\/api.w.org\/{rel}","templated":true}]}}