{"id":89697,"date":"2026-01-29T00:19:12","date_gmt":"2026-01-28T22:19:12","guid":{"rendered":"https:\/\/rezekne.citro.lv\/veikals\/garsviela-universala-ar-darzeniem-laasta-200g\/"},"modified":"2026-04-21T06:03:43","modified_gmt":"2026-04-21T03:03:43","slug":"garsviela-universala-ar-darzeniem-laasta-200g","status":"publish","type":"product","link":"https:\/\/rezekne.citro.lv\/ru\/product\/garsviela-universala-ar-darzeniem-laasta-200g\/","title":{"rendered":"GAR\u0160VIELA UNIVERS\u0100L\u0100 AR D\u0100RZE\u0145IEM LA&#8217;ASTA 200G"},"content":{"rendered":"<p>Izcelsmes valsts: Polija<\/p>\n","protected":false},"excerpt":{"rendered":"<p>3.75 \u20ac\/KG<\/p>\n","protected":false},"featured_media":90877,"template":"","meta":{"_acf_changed":false,"inline_featured_image":false},"product_cat":[116,165],"product_tag":[],"acf":[],"aioseo_notices":[],"_links":{"self":[{"href":"https:\/\/rezekne.citro.lv\/ru\/wp-json\/wp\/v2\/product\/89697"}],"collection":[{"href":"https:\/\/rezekne.citro.lv\/ru\/wp-json\/wp\/v2\/product"}],"about":[{"href":"https:\/\/rezekne.citro.lv\/ru\/wp-json\/wp\/v2\/types\/product"}],"wp:featuredmedia":[{"embeddable":true,"href":"https:\/\/rezekne.citro.lv\/ru\/wp-json\/wp\/v2\/media\/90877"}],"wp:attachment":[{"href":"https:\/\/rezekne.citro.lv\/ru\/wp-json\/wp\/v2\/media?parent=89697"}],"wp:term":[{"taxonomy":"product_cat","embeddable":true,"href":"https:\/\/rezekne.citro.lv\/ru\/wp-json\/wp\/v2\/product_cat?post=89697"},{"taxonomy":"product_tag","embeddable":true,"href":"https:\/\/rezekne.citro.lv\/ru\/wp-json\/wp\/v2\/product_tag?post=89697"}],"curies":[{"name":"wp","href":"https:\/\/api.w.org\/{rel}","templated":true}]}}