{"id":90136,"date":"2026-05-09T00:02:06","date_gmt":"2026-05-08T21:02:06","guid":{"rendered":"https:\/\/rezekne.citro.lv\/?post_type=product&#038;p=90136"},"modified":"2026-05-09T00:02:09","modified_gmt":"2026-05-08T21:02:09","slug":"calu-pusparni-maiga-dillu-marin-rm-500g","status":"publish","type":"product","link":"https:\/\/rezekne.citro.lv\/ru\/product\/calu-pusparni-maiga-dillu-marin-rm-500g\/","title":{"rendered":"C\u0100\u013bU PUSP\u0100RNI MAIG\u0100 DI\u013b\u013bU MARIN.RM 500G"},"content":{"rendered":"<p>Izcelsmes valsts: Igaunija<\/p>\n","protected":false},"excerpt":{"rendered":"<p>5.58 \u20ac\/KG<\/p>\n","protected":false},"featured_media":0,"template":"","meta":{"_acf_changed":false,"inline_featured_image":false},"product_cat":[135,182],"product_tag":[],"acf":[],"aioseo_notices":[],"_links":{"self":[{"href":"https:\/\/rezekne.citro.lv\/ru\/wp-json\/wp\/v2\/product\/90136"}],"collection":[{"href":"https:\/\/rezekne.citro.lv\/ru\/wp-json\/wp\/v2\/product"}],"about":[{"href":"https:\/\/rezekne.citro.lv\/ru\/wp-json\/wp\/v2\/types\/product"}],"wp:attachment":[{"href":"https:\/\/rezekne.citro.lv\/ru\/wp-json\/wp\/v2\/media?parent=90136"}],"wp:term":[{"taxonomy":"product_cat","embeddable":true,"href":"https:\/\/rezekne.citro.lv\/ru\/wp-json\/wp\/v2\/product_cat?post=90136"},{"taxonomy":"product_tag","embeddable":true,"href":"https:\/\/rezekne.citro.lv\/ru\/wp-json\/wp\/v2\/product_tag?post=90136"}],"curies":[{"name":"wp","href":"https:\/\/api.w.org\/{rel}","templated":true}]}}