{"id":90192,"date":"2026-02-04T00:02:12","date_gmt":"2026-02-03T22:02:12","guid":{"rendered":"https:\/\/rezekne.citro.lv\/veikals\/energijas-dzeriens-lucky-punch-pineapple-0-33l-skard\/"},"modified":"2026-02-20T06:01:27","modified_gmt":"2026-02-20T04:01:27","slug":"energijas-dzeriens-lucky-punch-pineapple-0-33l-skard","status":"publish","type":"product","link":"https:\/\/rezekne.citro.lv\/ru\/product\/energijas-dzeriens-lucky-punch-pineapple-0-33l-skard\/","title":{"rendered":"ENER\u0122IJAS DZ\u0112RIENS LUCKY PUNCH PINEAPPLE 0.33L SK\u0100RD."},"content":{"rendered":"<p>Izcelsmes valsts: Polija<\/p>\n","protected":false},"excerpt":{"rendered":"<p>4.21 \u20ac\/L<\/p>\n","protected":false},"featured_media":92139,"template":"","meta":{"_acf_changed":false,"inline_featured_image":false},"product_cat":[106,217,107],"product_tag":[],"acf":[],"aioseo_notices":[],"_links":{"self":[{"href":"https:\/\/rezekne.citro.lv\/ru\/wp-json\/wp\/v2\/product\/90192"}],"collection":[{"href":"https:\/\/rezekne.citro.lv\/ru\/wp-json\/wp\/v2\/product"}],"about":[{"href":"https:\/\/rezekne.citro.lv\/ru\/wp-json\/wp\/v2\/types\/product"}],"wp:featuredmedia":[{"embeddable":true,"href":"https:\/\/rezekne.citro.lv\/ru\/wp-json\/wp\/v2\/media\/92139"}],"wp:attachment":[{"href":"https:\/\/rezekne.citro.lv\/ru\/wp-json\/wp\/v2\/media?parent=90192"}],"wp:term":[{"taxonomy":"product_cat","embeddable":true,"href":"https:\/\/rezekne.citro.lv\/ru\/wp-json\/wp\/v2\/product_cat?post=90192"},{"taxonomy":"product_tag","embeddable":true,"href":"https:\/\/rezekne.citro.lv\/ru\/wp-json\/wp\/v2\/product_tag?post=90192"}],"curies":[{"name":"wp","href":"https:\/\/api.w.org\/{rel}","templated":true}]}}