{"id":90193,"date":"2026-04-23T00:15:34","date_gmt":"2026-04-22T21:15:34","guid":{"rendered":"https:\/\/rezekne.citro.lv\/veikals\/makreles-fileja-ella-170g-188g\/"},"modified":"2026-04-29T06:01:45","modified_gmt":"2026-04-29T03:01:45","slug":"makreles-fileja-ella-170g-188g","status":"publish","type":"product","link":"https:\/\/rezekne.citro.lv\/ru\/product\/makreles-fileja-ella-170g-188g\/","title":{"rendered":"MAKRELES FILEJA E\u013b\u013b\u0100 170G\/188G"},"content":{"rendered":"<p>Izcelsmes valsts: Polija<\/p>\n","protected":false},"excerpt":{"rendered":"<p>11.12 \u20ac\/KG<\/p>\n","protected":false},"featured_media":91327,"template":"","meta":{"_acf_changed":false,"inline_featured_image":false},"product_cat":[135,136],"product_tag":[],"acf":[],"aioseo_notices":[],"_links":{"self":[{"href":"https:\/\/rezekne.citro.lv\/ru\/wp-json\/wp\/v2\/product\/90193"}],"collection":[{"href":"https:\/\/rezekne.citro.lv\/ru\/wp-json\/wp\/v2\/product"}],"about":[{"href":"https:\/\/rezekne.citro.lv\/ru\/wp-json\/wp\/v2\/types\/product"}],"wp:featuredmedia":[{"embeddable":true,"href":"https:\/\/rezekne.citro.lv\/ru\/wp-json\/wp\/v2\/media\/91327"}],"wp:attachment":[{"href":"https:\/\/rezekne.citro.lv\/ru\/wp-json\/wp\/v2\/media?parent=90193"}],"wp:term":[{"taxonomy":"product_cat","embeddable":true,"href":"https:\/\/rezekne.citro.lv\/ru\/wp-json\/wp\/v2\/product_cat?post=90193"},{"taxonomy":"product_tag","embeddable":true,"href":"https:\/\/rezekne.citro.lv\/ru\/wp-json\/wp\/v2\/product_tag?post=90193"}],"curies":[{"name":"wp","href":"https:\/\/api.w.org\/{rel}","templated":true}]}}