{"id":90196,"date":"2026-04-23T00:19:44","date_gmt":"2026-04-22T21:19:44","guid":{"rendered":"https:\/\/rezekne.citro.lv\/veikals\/persiku-pusites-viegla-sirupa-valdo-850ml-820g-470g\/"},"modified":"2026-05-13T12:00:16","modified_gmt":"2026-05-13T09:00:16","slug":"persiku-pusites-viegla-sirupa-valdo-850ml-820g-470g","status":"publish","type":"product","link":"https:\/\/rezekne.citro.lv\/ru\/product\/persiku-pusites-viegla-sirupa-valdo-850ml-820g-470g\/","title":{"rendered":"PERSIKU PUS\u012aTES VIEGL\u0100 S\u012aRUP\u0100 VALDO 850ML\/820G\/470G"},"content":{"rendered":"<p>Izcelsmes valsts: Vjetnama<\/p>\n","protected":false},"excerpt":{"rendered":"<p>5.09 \u20ac\/KG<\/p>\n","protected":false},"featured_media":90400,"template":"","meta":{"_acf_changed":false,"inline_featured_image":false},"product_cat":[103,193],"product_tag":[],"acf":[],"aioseo_notices":[],"_links":{"self":[{"href":"https:\/\/rezekne.citro.lv\/ru\/wp-json\/wp\/v2\/product\/90196"}],"collection":[{"href":"https:\/\/rezekne.citro.lv\/ru\/wp-json\/wp\/v2\/product"}],"about":[{"href":"https:\/\/rezekne.citro.lv\/ru\/wp-json\/wp\/v2\/types\/product"}],"wp:featuredmedia":[{"embeddable":true,"href":"https:\/\/rezekne.citro.lv\/ru\/wp-json\/wp\/v2\/media\/90400"}],"wp:attachment":[{"href":"https:\/\/rezekne.citro.lv\/ru\/wp-json\/wp\/v2\/media?parent=90196"}],"wp:term":[{"taxonomy":"product_cat","embeddable":true,"href":"https:\/\/rezekne.citro.lv\/ru\/wp-json\/wp\/v2\/product_cat?post=90196"},{"taxonomy":"product_tag","embeddable":true,"href":"https:\/\/rezekne.citro.lv\/ru\/wp-json\/wp\/v2\/product_tag?post=90196"}],"curies":[{"name":"wp","href":"https:\/\/api.w.org\/{rel}","templated":true}]}}