{"id":90203,"date":"2026-04-02T00:02:25","date_gmt":"2026-04-01T21:02:25","guid":{"rendered":"https:\/\/rezekne.citro.lv\/veikals\/stilbi-cala-meistara-marinade-fas-kg\/"},"modified":"2026-04-04T06:03:37","modified_gmt":"2026-04-04T03:03:37","slug":"stilbi-cala-meistara-marinade-fas-kg","status":"publish","type":"product","link":"https:\/\/rezekne.citro.lv\/ru\/product\/stilbi-cala-meistara-marinade-fas-kg\/","title":{"rendered":"STILBI C\u0100\u013bA MEISTARA MARIN\u0100D\u0112 FAS.KG"},"content":{"rendered":"<p>Izcelsmes valsts: Latvija<\/p>\n","protected":false},"excerpt":{"rendered":"<p>2.79 \u20ac\/KG<\/p>\n","protected":false},"featured_media":0,"template":"","meta":{"_acf_changed":false,"inline_featured_image":false},"product_cat":[135,182],"product_tag":[],"acf":[],"aioseo_notices":[],"_links":{"self":[{"href":"https:\/\/rezekne.citro.lv\/ru\/wp-json\/wp\/v2\/product\/90203"}],"collection":[{"href":"https:\/\/rezekne.citro.lv\/ru\/wp-json\/wp\/v2\/product"}],"about":[{"href":"https:\/\/rezekne.citro.lv\/ru\/wp-json\/wp\/v2\/types\/product"}],"wp:attachment":[{"href":"https:\/\/rezekne.citro.lv\/ru\/wp-json\/wp\/v2\/media?parent=90203"}],"wp:term":[{"taxonomy":"product_cat","embeddable":true,"href":"https:\/\/rezekne.citro.lv\/ru\/wp-json\/wp\/v2\/product_cat?post=90203"},{"taxonomy":"product_tag","embeddable":true,"href":"https:\/\/rezekne.citro.lv\/ru\/wp-json\/wp\/v2\/product_tag?post=90203"}],"curies":[{"name":"wp","href":"https:\/\/api.w.org\/{rel}","templated":true}]}}