{"id":90205,"date":"2026-04-23T00:31:24","date_gmt":"2026-04-22T21:31:24","guid":{"rendered":"https:\/\/rezekne.citro.lv\/veikals\/makreles-fileja-tomatu-merce-170g-188g\/"},"modified":"2026-05-01T12:00:18","modified_gmt":"2026-05-01T09:00:18","slug":"makreles-fileja-tomatu-merce-170g-188g","status":"publish","type":"product","link":"https:\/\/rezekne.citro.lv\/ru\/product\/makreles-fileja-tomatu-merce-170g-188g\/","title":{"rendered":"MAKRELES FILEJA TOM\u0100TU M\u0112RC\u0112 170G\/188G"},"content":{"rendered":"<p>Izcelsmes valsts: Polija<\/p>\n","protected":false},"excerpt":{"rendered":"<p>10.53 \u20ac\/KG<\/p>\n","protected":false},"featured_media":91330,"template":"","meta":{"_acf_changed":false,"inline_featured_image":false},"product_cat":[135,136],"product_tag":[],"acf":[],"aioseo_notices":[],"_links":{"self":[{"href":"https:\/\/rezekne.citro.lv\/ru\/wp-json\/wp\/v2\/product\/90205"}],"collection":[{"href":"https:\/\/rezekne.citro.lv\/ru\/wp-json\/wp\/v2\/product"}],"about":[{"href":"https:\/\/rezekne.citro.lv\/ru\/wp-json\/wp\/v2\/types\/product"}],"wp:featuredmedia":[{"embeddable":true,"href":"https:\/\/rezekne.citro.lv\/ru\/wp-json\/wp\/v2\/media\/91330"}],"wp:attachment":[{"href":"https:\/\/rezekne.citro.lv\/ru\/wp-json\/wp\/v2\/media?parent=90205"}],"wp:term":[{"taxonomy":"product_cat","embeddable":true,"href":"https:\/\/rezekne.citro.lv\/ru\/wp-json\/wp\/v2\/product_cat?post=90205"},{"taxonomy":"product_tag","embeddable":true,"href":"https:\/\/rezekne.citro.lv\/ru\/wp-json\/wp\/v2\/product_tag?post=90205"}],"curies":[{"name":"wp","href":"https:\/\/api.w.org\/{rel}","templated":true}]}}