{"id":90215,"date":"2026-01-29T00:18:26","date_gmt":"2026-01-28T22:18:26","guid":{"rendered":"https:\/\/rezekne.citro.lv\/veikals\/biezpiena-sierins-emma-ar-kondenseto-pienu-40g\/"},"modified":"2026-01-29T06:02:24","modified_gmt":"2026-01-29T04:02:24","slug":"biezpiena-sierins-emma-ar-kondenseto-pienu-40g","status":"publish","type":"product","link":"https:\/\/rezekne.citro.lv\/ru\/product\/biezpiena-sierins-emma-ar-kondenseto-pienu-40g\/","title":{"rendered":"BIEZPIENA SIERI\u0145\u0160 EMMA AR KONDENS\u0112TO PIENU 40G"},"content":{"rendered":"<p>Izcelsmes valsts: Igaunija<\/p>\n","protected":false},"excerpt":{"rendered":"<p>12.25 \u20ac\/KG<\/p>\n","protected":false},"featured_media":91569,"template":"","meta":{"_acf_changed":false,"inline_featured_image":false},"product_cat":[95,188],"product_tag":[],"acf":[],"aioseo_notices":[],"_links":{"self":[{"href":"https:\/\/rezekne.citro.lv\/ru\/wp-json\/wp\/v2\/product\/90215"}],"collection":[{"href":"https:\/\/rezekne.citro.lv\/ru\/wp-json\/wp\/v2\/product"}],"about":[{"href":"https:\/\/rezekne.citro.lv\/ru\/wp-json\/wp\/v2\/types\/product"}],"wp:featuredmedia":[{"embeddable":true,"href":"https:\/\/rezekne.citro.lv\/ru\/wp-json\/wp\/v2\/media\/91569"}],"wp:attachment":[{"href":"https:\/\/rezekne.citro.lv\/ru\/wp-json\/wp\/v2\/media?parent=90215"}],"wp:term":[{"taxonomy":"product_cat","embeddable":true,"href":"https:\/\/rezekne.citro.lv\/ru\/wp-json\/wp\/v2\/product_cat?post=90215"},{"taxonomy":"product_tag","embeddable":true,"href":"https:\/\/rezekne.citro.lv\/ru\/wp-json\/wp\/v2\/product_tag?post=90215"}],"curies":[{"name":"wp","href":"https:\/\/api.w.org\/{rel}","templated":true}]}}