{"id":90216,"date":"2025-12-04T00:18:48","date_gmt":"2025-12-03T22:18:48","guid":{"rendered":"https:\/\/rezekne.citro.lv\/veikals\/energijas-dzeriens-lucky-punch-wild-berries-0-33l-skard\/"},"modified":"2026-01-23T06:02:22","modified_gmt":"2026-01-23T04:02:22","slug":"energijas-dzeriens-lucky-punch-wild-berries-0-33l-skard","status":"publish","type":"product","link":"https:\/\/rezekne.citro.lv\/ru\/product\/energijas-dzeriens-lucky-punch-wild-berries-0-33l-skard\/","title":{"rendered":"ENER\u0122IJAS DZ\u0112RIENS LUCKY PUNCH WILD BERRIES 0.33L SK\u0100RD."},"content":{"rendered":"<p>Izcelsmes valsts: Polija<\/p>\n","protected":false},"excerpt":{"rendered":"<p>4.21 \u20ac\/L<\/p>\n","protected":false},"featured_media":0,"template":"","meta":{"_acf_changed":false,"inline_featured_image":false},"product_cat":[106,217],"product_tag":[],"acf":[],"aioseo_notices":[],"_links":{"self":[{"href":"https:\/\/rezekne.citro.lv\/ru\/wp-json\/wp\/v2\/product\/90216"}],"collection":[{"href":"https:\/\/rezekne.citro.lv\/ru\/wp-json\/wp\/v2\/product"}],"about":[{"href":"https:\/\/rezekne.citro.lv\/ru\/wp-json\/wp\/v2\/types\/product"}],"wp:attachment":[{"href":"https:\/\/rezekne.citro.lv\/ru\/wp-json\/wp\/v2\/media?parent=90216"}],"wp:term":[{"taxonomy":"product_cat","embeddable":true,"href":"https:\/\/rezekne.citro.lv\/ru\/wp-json\/wp\/v2\/product_cat?post=90216"},{"taxonomy":"product_tag","embeddable":true,"href":"https:\/\/rezekne.citro.lv\/ru\/wp-json\/wp\/v2\/product_tag?post=90216"}],"curies":[{"name":"wp","href":"https:\/\/api.w.org\/{rel}","templated":true}]}}