{"id":90218,"date":"2026-04-09T00:05:39","date_gmt":"2026-04-08T21:05:39","guid":{"rendered":"https:\/\/rezekne.citro.lv\/veikals\/saldejums-balticovo-olu-sokolades-10000ml-450g\/"},"modified":"2026-04-11T06:03:54","modified_gmt":"2026-04-11T03:03:54","slug":"saldejums-balticovo-olu-sokolades-10000ml-450g","status":"publish","type":"product","link":"https:\/\/rezekne.citro.lv\/ru\/product\/saldejums-balticovo-olu-sokolades-10000ml-450g\/","title":{"rendered":"SALD\u0112JUMS BALTICOVO OLU \u0160OKOL\u0100DES 10000ML\/450G"},"content":{"rendered":"<p>Izcelsmes valsts: Latvija<\/p>\n","protected":false},"excerpt":{"rendered":"<p>8.42 \u20ac\/KG<\/p>\n","protected":false},"featured_media":91572,"template":"","meta":{"_acf_changed":false,"inline_featured_image":false},"product_cat":[233,234],"product_tag":[],"acf":[],"aioseo_notices":[],"_links":{"self":[{"href":"https:\/\/rezekne.citro.lv\/ru\/wp-json\/wp\/v2\/product\/90218"}],"collection":[{"href":"https:\/\/rezekne.citro.lv\/ru\/wp-json\/wp\/v2\/product"}],"about":[{"href":"https:\/\/rezekne.citro.lv\/ru\/wp-json\/wp\/v2\/types\/product"}],"wp:featuredmedia":[{"embeddable":true,"href":"https:\/\/rezekne.citro.lv\/ru\/wp-json\/wp\/v2\/media\/91572"}],"wp:attachment":[{"href":"https:\/\/rezekne.citro.lv\/ru\/wp-json\/wp\/v2\/media?parent=90218"}],"wp:term":[{"taxonomy":"product_cat","embeddable":true,"href":"https:\/\/rezekne.citro.lv\/ru\/wp-json\/wp\/v2\/product_cat?post=90218"},{"taxonomy":"product_tag","embeddable":true,"href":"https:\/\/rezekne.citro.lv\/ru\/wp-json\/wp\/v2\/product_tag?post=90218"}],"curies":[{"name":"wp","href":"https:\/\/api.w.org\/{rel}","templated":true}]}}