{"id":90224,"date":"2025-11-21T00:03:18","date_gmt":"2025-11-20T22:03:18","guid":{"rendered":"https:\/\/rezekne.citro.lv\/veikals\/konfektes-drazejas-juras-akmentini-drazejas-100g\/"},"modified":"2026-05-05T06:10:36","modified_gmt":"2026-05-05T03:10:36","slug":"konfektes-drazejas-juras-akmentini-drazejas-100g","status":"publish","type":"product","link":"https:\/\/rezekne.citro.lv\/ru\/product\/konfektes-drazejas-juras-akmentini-drazejas-100g\/","title":{"rendered":"KONFEKTES DRA\u017dEJAS J\u016aRAS AKMENTI\u0145I DRA\u017dEJAS 100G"},"content":{"rendered":"<p>Izcelsmes valsts: Latvija<\/p>\n","protected":false},"excerpt":{"rendered":"<p>9.90 \u20ac\/KG<\/p>\n","protected":false},"featured_media":91447,"template":"","meta":{"_acf_changed":false,"inline_featured_image":false},"product_cat":[125,201],"product_tag":[],"acf":[],"aioseo_notices":[],"_links":{"self":[{"href":"https:\/\/rezekne.citro.lv\/ru\/wp-json\/wp\/v2\/product\/90224"}],"collection":[{"href":"https:\/\/rezekne.citro.lv\/ru\/wp-json\/wp\/v2\/product"}],"about":[{"href":"https:\/\/rezekne.citro.lv\/ru\/wp-json\/wp\/v2\/types\/product"}],"wp:featuredmedia":[{"embeddable":true,"href":"https:\/\/rezekne.citro.lv\/ru\/wp-json\/wp\/v2\/media\/91447"}],"wp:attachment":[{"href":"https:\/\/rezekne.citro.lv\/ru\/wp-json\/wp\/v2\/media?parent=90224"}],"wp:term":[{"taxonomy":"product_cat","embeddable":true,"href":"https:\/\/rezekne.citro.lv\/ru\/wp-json\/wp\/v2\/product_cat?post=90224"},{"taxonomy":"product_tag","embeddable":true,"href":"https:\/\/rezekne.citro.lv\/ru\/wp-json\/wp\/v2\/product_tag?post=90224"}],"curies":[{"name":"wp","href":"https:\/\/api.w.org\/{rel}","templated":true}]}}