{"id":90231,"date":"2026-03-26T00:49:04","date_gmt":"2026-03-25T22:49:04","guid":{"rendered":"https:\/\/rezekne.citro.lv\/veikals\/tafelite-tumsa-sokolade-ar-karamelem-un-vafelem-sarkana-magone-90g\/"},"modified":"2026-04-06T06:25:15","modified_gmt":"2026-04-06T03:25:15","slug":"tafelite-tumsa-sokolade-ar-karamelem-un-vafelem-sarkana-magone-90g","status":"publish","type":"product","link":"https:\/\/rezekne.citro.lv\/ru\/product\/tafelite-tumsa-sokolade-ar-karamelem-un-vafelem-sarkana-magone-90g\/","title":{"rendered":"T\u0100FEL\u012aTE TUM\u0160\u0100 \u0160OKOL\u0100DE AR KARAMEL\u0112M UN VAFEL\u0112M SARKAN\u0100 MAGONE 90G"},"content":{"rendered":"<p>Izcelsmes valsts: Igaunija<\/p>\n","protected":false},"excerpt":{"rendered":"<p>32.11 \u20ac\/KG<\/p>\n","protected":false},"featured_media":84908,"template":"","meta":{"_acf_changed":false,"inline_featured_image":false},"product_cat":[125,134],"product_tag":[],"acf":[],"aioseo_notices":[],"_links":{"self":[{"href":"https:\/\/rezekne.citro.lv\/ru\/wp-json\/wp\/v2\/product\/90231"}],"collection":[{"href":"https:\/\/rezekne.citro.lv\/ru\/wp-json\/wp\/v2\/product"}],"about":[{"href":"https:\/\/rezekne.citro.lv\/ru\/wp-json\/wp\/v2\/types\/product"}],"wp:featuredmedia":[{"embeddable":true,"href":"https:\/\/rezekne.citro.lv\/ru\/wp-json\/wp\/v2\/media\/84908"}],"wp:attachment":[{"href":"https:\/\/rezekne.citro.lv\/ru\/wp-json\/wp\/v2\/media?parent=90231"}],"wp:term":[{"taxonomy":"product_cat","embeddable":true,"href":"https:\/\/rezekne.citro.lv\/ru\/wp-json\/wp\/v2\/product_cat?post=90231"},{"taxonomy":"product_tag","embeddable":true,"href":"https:\/\/rezekne.citro.lv\/ru\/wp-json\/wp\/v2\/product_tag?post=90231"}],"curies":[{"name":"wp","href":"https:\/\/api.w.org\/{rel}","templated":true}]}}