{"id":90258,"date":"2026-05-07T00:15:35","date_gmt":"2026-05-06T21:15:35","guid":{"rendered":"https:\/\/rezekne.citro.lv\/veikals\/velas-mikstinatajs-purox-magnolia-1-8l\/"},"modified":"2026-05-07T00:15:36","modified_gmt":"2026-05-06T21:15:36","slug":"velas-mikstinatajs-purox-magnolia-1-8l","status":"publish","type":"product","link":"https:\/\/rezekne.citro.lv\/ru\/product\/velas-mikstinatajs-purox-magnolia-1-8l\/","title":{"rendered":"VE\u013bAS M\u012aKSTIN\u0100T\u0100JS PUROX MAGNOLIA 1.8L"},"content":{"rendered":"","protected":false},"excerpt":{"rendered":"<p>1.38 \u20ac\/L<\/p>\n","protected":false},"featured_media":85876,"template":"","meta":{"_acf_changed":false,"inline_featured_image":false},"product_cat":[131,184],"product_tag":[],"acf":[],"aioseo_notices":[],"_links":{"self":[{"href":"https:\/\/rezekne.citro.lv\/ru\/wp-json\/wp\/v2\/product\/90258"}],"collection":[{"href":"https:\/\/rezekne.citro.lv\/ru\/wp-json\/wp\/v2\/product"}],"about":[{"href":"https:\/\/rezekne.citro.lv\/ru\/wp-json\/wp\/v2\/types\/product"}],"wp:featuredmedia":[{"embeddable":true,"href":"https:\/\/rezekne.citro.lv\/ru\/wp-json\/wp\/v2\/media\/85876"}],"wp:attachment":[{"href":"https:\/\/rezekne.citro.lv\/ru\/wp-json\/wp\/v2\/media?parent=90258"}],"wp:term":[{"taxonomy":"product_cat","embeddable":true,"href":"https:\/\/rezekne.citro.lv\/ru\/wp-json\/wp\/v2\/product_cat?post=90258"},{"taxonomy":"product_tag","embeddable":true,"href":"https:\/\/rezekne.citro.lv\/ru\/wp-json\/wp\/v2\/product_tag?post=90258"}],"curies":[{"name":"wp","href":"https:\/\/api.w.org\/{rel}","templated":true}]}}