{"id":90259,"date":"2026-04-23T00:49:00","date_gmt":"2026-04-22T21:49:00","guid":{"rendered":"https:\/\/rezekne.citro.lv\/veikals\/tirisanas-lidzeklis-gridam-universals-dr-prakti-citrus-1500ml\/"},"modified":"2026-04-30T06:11:00","modified_gmt":"2026-04-30T03:11:00","slug":"tirisanas-lidzeklis-gridam-universals-dr-prakti-citrus-1500ml","status":"publish","type":"product","link":"https:\/\/rezekne.citro.lv\/ru\/product\/tirisanas-lidzeklis-gridam-universals-dr-prakti-citrus-1500ml\/","title":{"rendered":"T\u012aR\u012a\u0160ANAS L\u012aDZEKLIS GR\u012aD\u0100M UNIVERS\u0100LS DR. PRAKTI CITRUS 1500ML"},"content":{"rendered":"","protected":false},"excerpt":{"rendered":"<p>0.99 \u20ac\/L<\/p>\n","protected":false},"featured_media":94544,"template":"","meta":{"_acf_changed":false,"inline_featured_image":false},"product_cat":[131,169],"product_tag":[],"acf":[],"aioseo_notices":[],"_links":{"self":[{"href":"https:\/\/rezekne.citro.lv\/ru\/wp-json\/wp\/v2\/product\/90259"}],"collection":[{"href":"https:\/\/rezekne.citro.lv\/ru\/wp-json\/wp\/v2\/product"}],"about":[{"href":"https:\/\/rezekne.citro.lv\/ru\/wp-json\/wp\/v2\/types\/product"}],"wp:featuredmedia":[{"embeddable":true,"href":"https:\/\/rezekne.citro.lv\/ru\/wp-json\/wp\/v2\/media\/94544"}],"wp:attachment":[{"href":"https:\/\/rezekne.citro.lv\/ru\/wp-json\/wp\/v2\/media?parent=90259"}],"wp:term":[{"taxonomy":"product_cat","embeddable":true,"href":"https:\/\/rezekne.citro.lv\/ru\/wp-json\/wp\/v2\/product_cat?post=90259"},{"taxonomy":"product_tag","embeddable":true,"href":"https:\/\/rezekne.citro.lv\/ru\/wp-json\/wp\/v2\/product_tag?post=90259"}],"curies":[{"name":"wp","href":"https:\/\/api.w.org\/{rel}","templated":true}]}}