{"id":90261,"date":"2026-04-23T00:49:00","date_gmt":"2026-04-22T21:49:00","guid":{"rendered":"https:\/\/rezekne.citro.lv\/veikals\/velas-mazgasanas-kapsulas-purox-color-20gab\/"},"modified":"2026-04-26T06:26:02","modified_gmt":"2026-04-26T03:26:02","slug":"velas-mazgasanas-kapsulas-purox-color-20gab","status":"publish","type":"product","link":"https:\/\/rezekne.citro.lv\/ru\/product\/velas-mazgasanas-kapsulas-purox-color-20gab\/","title":{"rendered":"VE\u013bAS MAZG\u0100\u0160ANAS KAPSULAS  PUROX COLOR 20GAB"},"content":{"rendered":"","protected":false},"excerpt":{"rendered":"<p>0.14 \u20ac\/GAB<\/p>\n","protected":false},"featured_media":85878,"template":"","meta":{"_acf_changed":false,"inline_featured_image":false},"product_cat":[131,184],"product_tag":[],"acf":[],"aioseo_notices":[],"_links":{"self":[{"href":"https:\/\/rezekne.citro.lv\/ru\/wp-json\/wp\/v2\/product\/90261"}],"collection":[{"href":"https:\/\/rezekne.citro.lv\/ru\/wp-json\/wp\/v2\/product"}],"about":[{"href":"https:\/\/rezekne.citro.lv\/ru\/wp-json\/wp\/v2\/types\/product"}],"wp:featuredmedia":[{"embeddable":true,"href":"https:\/\/rezekne.citro.lv\/ru\/wp-json\/wp\/v2\/media\/85878"}],"wp:attachment":[{"href":"https:\/\/rezekne.citro.lv\/ru\/wp-json\/wp\/v2\/media?parent=90261"}],"wp:term":[{"taxonomy":"product_cat","embeddable":true,"href":"https:\/\/rezekne.citro.lv\/ru\/wp-json\/wp\/v2\/product_cat?post=90261"},{"taxonomy":"product_tag","embeddable":true,"href":"https:\/\/rezekne.citro.lv\/ru\/wp-json\/wp\/v2\/product_tag?post=90261"}],"curies":[{"name":"wp","href":"https:\/\/api.w.org\/{rel}","templated":true}]}}