{"id":90263,"date":"2026-04-23T00:49:00","date_gmt":"2026-04-22T21:49:00","guid":{"rendered":"https:\/\/rezekne.citro.lv\/veikals\/lidzeklis-logu-tirisanai-1l\/"},"modified":"2026-04-25T06:11:24","modified_gmt":"2026-04-25T03:11:24","slug":"lidzeklis-logu-tirisanai-1l","status":"publish","type":"product","link":"https:\/\/rezekne.citro.lv\/ru\/product\/lidzeklis-logu-tirisanai-1l\/","title":{"rendered":"L\u012aDZEKLIS LOGU T\u012aR\u012a\u0160ANAI 1L"},"content":{"rendered":"","protected":false},"excerpt":{"rendered":"<p>1.49 \u20ac\/L<\/p>\n","protected":false},"featured_media":89005,"template":"","meta":{"_acf_changed":false,"inline_featured_image":false},"product_cat":[131,169],"product_tag":[],"acf":[],"aioseo_notices":[],"_links":{"self":[{"href":"https:\/\/rezekne.citro.lv\/ru\/wp-json\/wp\/v2\/product\/90263"}],"collection":[{"href":"https:\/\/rezekne.citro.lv\/ru\/wp-json\/wp\/v2\/product"}],"about":[{"href":"https:\/\/rezekne.citro.lv\/ru\/wp-json\/wp\/v2\/types\/product"}],"wp:featuredmedia":[{"embeddable":true,"href":"https:\/\/rezekne.citro.lv\/ru\/wp-json\/wp\/v2\/media\/89005"}],"wp:attachment":[{"href":"https:\/\/rezekne.citro.lv\/ru\/wp-json\/wp\/v2\/media?parent=90263"}],"wp:term":[{"taxonomy":"product_cat","embeddable":true,"href":"https:\/\/rezekne.citro.lv\/ru\/wp-json\/wp\/v2\/product_cat?post=90263"},{"taxonomy":"product_tag","embeddable":true,"href":"https:\/\/rezekne.citro.lv\/ru\/wp-json\/wp\/v2\/product_tag?post=90263"}],"curies":[{"name":"wp","href":"https:\/\/api.w.org\/{rel}","templated":true}]}}