{"id":90265,"date":"2026-03-26T00:47:54","date_gmt":"2026-03-25T22:47:54","guid":{"rendered":"https:\/\/rezekne.citro.lv\/veikals\/bariba-kakiem-sausa-one-steril-ar-vistu-800g\/"},"modified":"2026-04-06T06:04:45","modified_gmt":"2026-04-06T03:04:45","slug":"bariba-kakiem-sausa-one-steril-ar-vistu-800g","status":"publish","type":"product","link":"https:\/\/rezekne.citro.lv\/ru\/product\/bariba-kakiem-sausa-one-steril-ar-vistu-800g\/","title":{"rendered":"BAR\u012aBA KA\u0136IEM SAUS\u0100 ONE STERIL AR VISTU 800G"},"content":{"rendered":"<p>Izcelsmes valsts: Francija<\/p>\n","protected":false},"excerpt":{"rendered":"<p>6.74 \u20ac\/KG<\/p>\n","protected":false},"featured_media":0,"template":"","meta":{"_acf_changed":false,"inline_featured_image":false},"product_cat":[153,175],"product_tag":[],"acf":[],"aioseo_notices":[],"_links":{"self":[{"href":"https:\/\/rezekne.citro.lv\/ru\/wp-json\/wp\/v2\/product\/90265"}],"collection":[{"href":"https:\/\/rezekne.citro.lv\/ru\/wp-json\/wp\/v2\/product"}],"about":[{"href":"https:\/\/rezekne.citro.lv\/ru\/wp-json\/wp\/v2\/types\/product"}],"wp:attachment":[{"href":"https:\/\/rezekne.citro.lv\/ru\/wp-json\/wp\/v2\/media?parent=90265"}],"wp:term":[{"taxonomy":"product_cat","embeddable":true,"href":"https:\/\/rezekne.citro.lv\/ru\/wp-json\/wp\/v2\/product_cat?post=90265"},{"taxonomy":"product_tag","embeddable":true,"href":"https:\/\/rezekne.citro.lv\/ru\/wp-json\/wp\/v2\/product_tag?post=90265"}],"curies":[{"name":"wp","href":"https:\/\/api.w.org\/{rel}","templated":true}]}}