{"id":90709,"date":"2026-01-02T00:18:31","date_gmt":"2026-01-01T22:18:31","guid":{"rendered":"https:\/\/rezekne.citro.lv\/veikals\/saldejums-karlsons-abolu-upenu-multikaste-360ml-240g\/"},"modified":"2026-04-27T06:02:39","modified_gmt":"2026-04-27T03:02:39","slug":"saldejums-karlsons-abolu-upenu-multikaste-360ml-240g","status":"publish","type":"product","link":"https:\/\/rezekne.citro.lv\/ru\/product\/saldejums-karlsons-abolu-upenu-multikaste-360ml-240g\/","title":{"rendered":"SALD\u0112JUMS KARLSONS \u0100BOLU UPE\u0145U MULTIKASTE 360ML\/240G"},"content":{"rendered":"<p>Izcelsmes valsts: Latvija<\/p>\n","protected":false},"excerpt":{"rendered":"<p>14.96 \u20ac\/KG<\/p>\n","protected":false},"featured_media":90369,"template":"","meta":{"_acf_changed":false,"inline_featured_image":false},"product_cat":[233,234],"product_tag":[],"acf":[],"aioseo_notices":[],"_links":{"self":[{"href":"https:\/\/rezekne.citro.lv\/ru\/wp-json\/wp\/v2\/product\/90709"}],"collection":[{"href":"https:\/\/rezekne.citro.lv\/ru\/wp-json\/wp\/v2\/product"}],"about":[{"href":"https:\/\/rezekne.citro.lv\/ru\/wp-json\/wp\/v2\/types\/product"}],"wp:featuredmedia":[{"embeddable":true,"href":"https:\/\/rezekne.citro.lv\/ru\/wp-json\/wp\/v2\/media\/90369"}],"wp:attachment":[{"href":"https:\/\/rezekne.citro.lv\/ru\/wp-json\/wp\/v2\/media?parent=90709"}],"wp:term":[{"taxonomy":"product_cat","embeddable":true,"href":"https:\/\/rezekne.citro.lv\/ru\/wp-json\/wp\/v2\/product_cat?post=90709"},{"taxonomy":"product_tag","embeddable":true,"href":"https:\/\/rezekne.citro.lv\/ru\/wp-json\/wp\/v2\/product_tag?post=90709"}],"curies":[{"name":"wp","href":"https:\/\/api.w.org\/{rel}","templated":true}]}}