{"id":90715,"date":"2026-04-23T00:31:17","date_gmt":"2026-04-22T21:31:17","guid":{"rendered":"https:\/\/rezekne.citro.lv\/veikals\/cala-viltotais-zakis-klasiskais-bauska-450g-kekavas\/"},"modified":"2026-05-01T06:03:29","modified_gmt":"2026-05-01T03:03:29","slug":"cala-viltotais-zakis-klasiskais-bauska-450g-kekavas","status":"publish","type":"product","link":"https:\/\/rezekne.citro.lv\/ru\/product\/cala-viltotais-zakis-klasiskais-bauska-450g-kekavas\/","title":{"rendered":"C\u0100\u013bA VILTOTAIS ZA\u0136IS KLASISKAIS BAUSKA 450G  \u0136EKAVAS"},"content":{"rendered":"<p>Izcelsmes valsts: Latvija<\/p>\n","protected":false},"excerpt":{"rendered":"<p>4.42 \u20ac\/KG<\/p>\n","protected":false},"featured_media":90442,"template":"","meta":{"_acf_changed":false,"inline_featured_image":false},"product_cat":[135,174],"product_tag":[],"acf":[],"aioseo_notices":[],"_links":{"self":[{"href":"https:\/\/rezekne.citro.lv\/ru\/wp-json\/wp\/v2\/product\/90715"}],"collection":[{"href":"https:\/\/rezekne.citro.lv\/ru\/wp-json\/wp\/v2\/product"}],"about":[{"href":"https:\/\/rezekne.citro.lv\/ru\/wp-json\/wp\/v2\/types\/product"}],"wp:featuredmedia":[{"embeddable":true,"href":"https:\/\/rezekne.citro.lv\/ru\/wp-json\/wp\/v2\/media\/90442"}],"wp:attachment":[{"href":"https:\/\/rezekne.citro.lv\/ru\/wp-json\/wp\/v2\/media?parent=90715"}],"wp:term":[{"taxonomy":"product_cat","embeddable":true,"href":"https:\/\/rezekne.citro.lv\/ru\/wp-json\/wp\/v2\/product_cat?post=90715"},{"taxonomy":"product_tag","embeddable":true,"href":"https:\/\/rezekne.citro.lv\/ru\/wp-json\/wp\/v2\/product_tag?post=90715"}],"curies":[{"name":"wp","href":"https:\/\/api.w.org\/{rel}","templated":true}]}}