{"id":90716,"date":"2026-01-02T00:18:31","date_gmt":"2026-01-01T22:18:31","guid":{"rendered":"https:\/\/rezekne.citro.lv\/veikals\/konservi-zivju-tunca-mazie-gab-sviestm-ella-calvo-142g-100g\/"},"modified":"2026-05-05T06:02:31","modified_gmt":"2026-05-05T03:02:31","slug":"konservi-zivju-tunca-mazie-gab-sviestm-ella-calvo-142g-100g","status":"publish","type":"product","link":"https:\/\/rezekne.citro.lv\/ru\/product\/konservi-zivju-tunca-mazie-gab-sviestm-ella-calvo-142g-100g\/","title":{"rendered":"KONSERVI ZIVJU TUN\u010cA MAZIE GAB.SVIESTM.E\u013b\u013b\u0100 CALVO 142G\/100G"},"content":{"rendered":"<p>Izcelsmes valsts: Sp\u0101nija<\/p>\n","protected":false},"excerpt":{"rendered":"<p>29.90 \u20ac\/KG<\/p>\n","protected":false},"featured_media":90643,"template":"","meta":{"_acf_changed":false,"inline_featured_image":false},"product_cat":[135,136],"product_tag":[],"acf":[],"aioseo_notices":[],"_links":{"self":[{"href":"https:\/\/rezekne.citro.lv\/ru\/wp-json\/wp\/v2\/product\/90716"}],"collection":[{"href":"https:\/\/rezekne.citro.lv\/ru\/wp-json\/wp\/v2\/product"}],"about":[{"href":"https:\/\/rezekne.citro.lv\/ru\/wp-json\/wp\/v2\/types\/product"}],"wp:featuredmedia":[{"embeddable":true,"href":"https:\/\/rezekne.citro.lv\/ru\/wp-json\/wp\/v2\/media\/90643"}],"wp:attachment":[{"href":"https:\/\/rezekne.citro.lv\/ru\/wp-json\/wp\/v2\/media?parent=90716"}],"wp:term":[{"taxonomy":"product_cat","embeddable":true,"href":"https:\/\/rezekne.citro.lv\/ru\/wp-json\/wp\/v2\/product_cat?post=90716"},{"taxonomy":"product_tag","embeddable":true,"href":"https:\/\/rezekne.citro.lv\/ru\/wp-json\/wp\/v2\/product_tag?post=90716"}],"curies":[{"name":"wp","href":"https:\/\/api.w.org\/{rel}","templated":true}]}}