{"id":90722,"date":"2025-12-04T00:45:50","date_gmt":"2025-12-03T22:45:50","guid":{"rendered":"https:\/\/rezekne.citro.lv\/veikals\/kinas-kaposti-violeti-kg\/"},"modified":"2026-01-02T15:00:36","modified_gmt":"2026-01-02T13:00:36","slug":"kinas-kaposti-violeti-kg","status":"publish","type":"product","link":"https:\/\/rezekne.citro.lv\/ru\/product\/kinas-kaposti-violeti-kg\/","title":{"rendered":"\u0136\u012aNAS K\u0100POSTI VIOLETI KG"},"content":{"rendered":"","protected":false},"excerpt":{"rendered":"<p>1.79 \u20ac\/KG<\/p>\n","protected":false},"featured_media":0,"template":"","meta":{"_acf_changed":false,"inline_featured_image":false},"product_cat":[97,99],"product_tag":[],"acf":[],"aioseo_notices":[],"_links":{"self":[{"href":"https:\/\/rezekne.citro.lv\/ru\/wp-json\/wp\/v2\/product\/90722"}],"collection":[{"href":"https:\/\/rezekne.citro.lv\/ru\/wp-json\/wp\/v2\/product"}],"about":[{"href":"https:\/\/rezekne.citro.lv\/ru\/wp-json\/wp\/v2\/types\/product"}],"wp:attachment":[{"href":"https:\/\/rezekne.citro.lv\/ru\/wp-json\/wp\/v2\/media?parent=90722"}],"wp:term":[{"taxonomy":"product_cat","embeddable":true,"href":"https:\/\/rezekne.citro.lv\/ru\/wp-json\/wp\/v2\/product_cat?post=90722"},{"taxonomy":"product_tag","embeddable":true,"href":"https:\/\/rezekne.citro.lv\/ru\/wp-json\/wp\/v2\/product_tag?post=90722"}],"curies":[{"name":"wp","href":"https:\/\/api.w.org\/{rel}","templated":true}]}}