{"id":90733,"date":"2026-02-26T00:17:30","date_gmt":"2026-02-25T22:17:30","guid":{"rendered":"https:\/\/rezekne.citro.lv\/veikals\/cipsi-estrella-kettle-ar-cedara-siera-un-sarkano-sipolu-garsu-120g\/"},"modified":"2026-03-18T06:02:25","modified_gmt":"2026-03-18T04:02:25","slug":"cipsi-estrella-kettle-ar-cedara-siera-un-sarkano-sipolu-garsu-120g","status":"publish","type":"product","link":"https:\/\/rezekne.citro.lv\/ru\/product\/cipsi-estrella-kettle-ar-cedara-siera-un-sarkano-sipolu-garsu-120g\/","title":{"rendered":"\u010cIP\u0160I ESTRELLA KETTLE AR \u010cEDARA SIERA UN SARKANO S\u012aPOLU GAR\u0160U 120G"},"content":{"rendered":"<p>Izcelsmes valsts: Polija<\/p>\n","protected":false},"excerpt":{"rendered":"<p>19.92 \u20ac\/KG<\/p>\n","protected":false},"featured_media":0,"template":"","meta":{"_acf_changed":false,"inline_featured_image":false},"product_cat":[125,191],"product_tag":[],"acf":[],"aioseo_notices":[],"_links":{"self":[{"href":"https:\/\/rezekne.citro.lv\/ru\/wp-json\/wp\/v2\/product\/90733"}],"collection":[{"href":"https:\/\/rezekne.citro.lv\/ru\/wp-json\/wp\/v2\/product"}],"about":[{"href":"https:\/\/rezekne.citro.lv\/ru\/wp-json\/wp\/v2\/types\/product"}],"wp:attachment":[{"href":"https:\/\/rezekne.citro.lv\/ru\/wp-json\/wp\/v2\/media?parent=90733"}],"wp:term":[{"taxonomy":"product_cat","embeddable":true,"href":"https:\/\/rezekne.citro.lv\/ru\/wp-json\/wp\/v2\/product_cat?post=90733"},{"taxonomy":"product_tag","embeddable":true,"href":"https:\/\/rezekne.citro.lv\/ru\/wp-json\/wp\/v2\/product_tag?post=90733"}],"curies":[{"name":"wp","href":"https:\/\/api.w.org\/{rel}","templated":true}]}}