{"id":90737,"date":"2025-12-06T00:02:22","date_gmt":"2025-12-05T22:02:22","guid":{"rendered":"https:\/\/rezekne.citro.lv\/veikals\/zirni-skeltie-slatava-1kg\/"},"modified":"2026-05-07T06:02:04","modified_gmt":"2026-05-07T03:02:04","slug":"zirni-skeltie-slatava-1kg","status":"publish","type":"product","link":"https:\/\/rezekne.citro.lv\/ru\/product\/zirni-skeltie-slatava-1kg\/","title":{"rendered":"ZIR\u0145I \u0160\u0136ELTIE SL\u0100TAVA 1KG"},"content":{"rendered":"<p>Izcelsmes valsts: Latvija<\/p>\n","protected":false},"excerpt":{"rendered":"<p>1.29 \u20ac\/KG<\/p>\n","protected":false},"featured_media":92112,"template":"","meta":{"_acf_changed":false,"inline_featured_image":false},"product_cat":[118,121],"product_tag":[],"acf":[],"aioseo_notices":[],"_links":{"self":[{"href":"https:\/\/rezekne.citro.lv\/ru\/wp-json\/wp\/v2\/product\/90737"}],"collection":[{"href":"https:\/\/rezekne.citro.lv\/ru\/wp-json\/wp\/v2\/product"}],"about":[{"href":"https:\/\/rezekne.citro.lv\/ru\/wp-json\/wp\/v2\/types\/product"}],"wp:featuredmedia":[{"embeddable":true,"href":"https:\/\/rezekne.citro.lv\/ru\/wp-json\/wp\/v2\/media\/92112"}],"wp:attachment":[{"href":"https:\/\/rezekne.citro.lv\/ru\/wp-json\/wp\/v2\/media?parent=90737"}],"wp:term":[{"taxonomy":"product_cat","embeddable":true,"href":"https:\/\/rezekne.citro.lv\/ru\/wp-json\/wp\/v2\/product_cat?post=90737"},{"taxonomy":"product_tag","embeddable":true,"href":"https:\/\/rezekne.citro.lv\/ru\/wp-json\/wp\/v2\/product_tag?post=90737"}],"curies":[{"name":"wp","href":"https:\/\/api.w.org\/{rel}","templated":true}]}}