{"id":90738,"date":"2026-03-26T00:17:32","date_gmt":"2026-03-25T22:17:32","guid":{"rendered":"https:\/\/rezekne.citro.lv\/veikals\/pupinas-raibas-just-nature-500g\/"},"modified":"2026-03-26T00:17:32","modified_gmt":"2026-03-25T22:17:32","slug":"pupinas-raibas-just-nature-500g","status":"publish","type":"product","link":"https:\/\/rezekne.citro.lv\/ru\/product\/pupinas-raibas-just-nature-500g\/","title":{"rendered":"PUPI\u0145AS RAIB\u0100S JUST NATURE 500G"},"content":{"rendered":"<p>Izcelsmes valsts: Kan\u0101da<\/p>\n","protected":false},"excerpt":{"rendered":"<p>4.38 \u20ac\/KG<\/p>\n","protected":false},"featured_media":0,"template":"","meta":{"_acf_changed":false,"inline_featured_image":false},"product_cat":[118,121],"product_tag":[],"acf":[],"aioseo_notices":[],"_links":{"self":[{"href":"https:\/\/rezekne.citro.lv\/ru\/wp-json\/wp\/v2\/product\/90738"}],"collection":[{"href":"https:\/\/rezekne.citro.lv\/ru\/wp-json\/wp\/v2\/product"}],"about":[{"href":"https:\/\/rezekne.citro.lv\/ru\/wp-json\/wp\/v2\/types\/product"}],"wp:attachment":[{"href":"https:\/\/rezekne.citro.lv\/ru\/wp-json\/wp\/v2\/media?parent=90738"}],"wp:term":[{"taxonomy":"product_cat","embeddable":true,"href":"https:\/\/rezekne.citro.lv\/ru\/wp-json\/wp\/v2\/product_cat?post=90738"},{"taxonomy":"product_tag","embeddable":true,"href":"https:\/\/rezekne.citro.lv\/ru\/wp-json\/wp\/v2\/product_tag?post=90738"}],"curies":[{"name":"wp","href":"https:\/\/api.w.org\/{rel}","templated":true}]}}