{"id":90742,"date":"2026-04-28T00:02:15","date_gmt":"2026-04-27T21:02:15","guid":{"rendered":"https:\/\/rezekne.citro.lv\/veikals\/risu-parslas-atri-varamas-valdo-500g\/"},"modified":"2026-05-09T06:02:42","modified_gmt":"2026-05-09T03:02:42","slug":"risu-parslas-atri-varamas-valdo-500g","status":"publish","type":"product","link":"https:\/\/rezekne.citro.lv\/ru\/product\/risu-parslas-atri-varamas-valdo-500g\/","title":{"rendered":"R\u012aSU P\u0100RSLAS \u0100TRI V\u0100R\u0100M\u0100S VALDO 500G"},"content":{"rendered":"<p>Izcelsmes valsts: Valsts \u2013 nav zi\u0146u<\/p>\n","protected":false},"excerpt":{"rendered":"<p>3.98 \u20ac\/KG<\/p>\n","protected":false},"featured_media":93691,"template":"","meta":{"_acf_changed":false,"inline_featured_image":false},"product_cat":[118,123],"product_tag":[],"acf":[],"aioseo_notices":[],"_links":{"self":[{"href":"https:\/\/rezekne.citro.lv\/ru\/wp-json\/wp\/v2\/product\/90742"}],"collection":[{"href":"https:\/\/rezekne.citro.lv\/ru\/wp-json\/wp\/v2\/product"}],"about":[{"href":"https:\/\/rezekne.citro.lv\/ru\/wp-json\/wp\/v2\/types\/product"}],"wp:featuredmedia":[{"embeddable":true,"href":"https:\/\/rezekne.citro.lv\/ru\/wp-json\/wp\/v2\/media\/93691"}],"wp:attachment":[{"href":"https:\/\/rezekne.citro.lv\/ru\/wp-json\/wp\/v2\/media?parent=90742"}],"wp:term":[{"taxonomy":"product_cat","embeddable":true,"href":"https:\/\/rezekne.citro.lv\/ru\/wp-json\/wp\/v2\/product_cat?post=90742"},{"taxonomy":"product_tag","embeddable":true,"href":"https:\/\/rezekne.citro.lv\/ru\/wp-json\/wp\/v2\/product_tag?post=90742"}],"curies":[{"name":"wp","href":"https:\/\/api.w.org\/{rel}","templated":true}]}}