{"id":90773,"date":"2026-04-23T00:49:29","date_gmt":"2026-04-22T21:49:29","guid":{"rendered":"https:\/\/rezekne.citro.lv\/veikals\/sokolades-batonins-vafelu-prince-polo-classic-45g\/"},"modified":"2026-05-04T06:25:40","modified_gmt":"2026-05-04T03:25:40","slug":"sokolades-batonins-vafelu-prince-polo-classic-45g","status":"publish","type":"product","link":"https:\/\/rezekne.citro.lv\/ru\/product\/sokolades-batonins-vafelu-prince-polo-classic-45g\/","title":{"rendered":"\u0160OKOL\u0100DES BATONI\u0145\u0160 VAFE\u013bU PRINCE POLO CLASSIC 45G"},"content":{"rendered":"<p>Izcelsmes valsts: Valsts \u2013 nav zi\u0146u<\/p>\n","protected":false},"excerpt":{"rendered":"<p>17.56 \u20ac\/KG<\/p>\n","protected":false},"featured_media":93024,"template":"","meta":{"_acf_changed":false,"inline_featured_image":false},"product_cat":[125,134],"product_tag":[],"acf":[],"aioseo_notices":[],"_links":{"self":[{"href":"https:\/\/rezekne.citro.lv\/ru\/wp-json\/wp\/v2\/product\/90773"}],"collection":[{"href":"https:\/\/rezekne.citro.lv\/ru\/wp-json\/wp\/v2\/product"}],"about":[{"href":"https:\/\/rezekne.citro.lv\/ru\/wp-json\/wp\/v2\/types\/product"}],"wp:featuredmedia":[{"embeddable":true,"href":"https:\/\/rezekne.citro.lv\/ru\/wp-json\/wp\/v2\/media\/93024"}],"wp:attachment":[{"href":"https:\/\/rezekne.citro.lv\/ru\/wp-json\/wp\/v2\/media?parent=90773"}],"wp:term":[{"taxonomy":"product_cat","embeddable":true,"href":"https:\/\/rezekne.citro.lv\/ru\/wp-json\/wp\/v2\/product_cat?post=90773"},{"taxonomy":"product_tag","embeddable":true,"href":"https:\/\/rezekne.citro.lv\/ru\/wp-json\/wp\/v2\/product_tag?post=90773"}],"curies":[{"name":"wp","href":"https:\/\/api.w.org\/{rel}","templated":true}]}}