{"id":90784,"date":"2026-03-31T00:01:54","date_gmt":"2026-03-30T21:01:54","guid":{"rendered":"https:\/\/rezekne.citro.lv\/veikals\/sok-tafelite-karl-fazer-piena-180g\/"},"modified":"2026-04-08T09:01:49","modified_gmt":"2026-04-08T06:01:49","slug":"sok-tafelite-karl-fazer-piena-180g","status":"publish","type":"product","link":"https:\/\/rezekne.citro.lv\/ru\/product\/sok-tafelite-karl-fazer-piena-180g\/","title":{"rendered":"\u0160OK.T\u0100FEL\u012aTE KARL FAZER PIENA 180G"},"content":{"rendered":"","protected":false},"excerpt":{"rendered":"<p>32.72 \u20ac\/KG<\/p>\n","protected":false},"featured_media":91428,"template":"","meta":{"_acf_changed":false,"inline_featured_image":false},"product_cat":[125,134],"product_tag":[],"acf":[],"aioseo_notices":[],"_links":{"self":[{"href":"https:\/\/rezekne.citro.lv\/ru\/wp-json\/wp\/v2\/product\/90784"}],"collection":[{"href":"https:\/\/rezekne.citro.lv\/ru\/wp-json\/wp\/v2\/product"}],"about":[{"href":"https:\/\/rezekne.citro.lv\/ru\/wp-json\/wp\/v2\/types\/product"}],"wp:featuredmedia":[{"embeddable":true,"href":"https:\/\/rezekne.citro.lv\/ru\/wp-json\/wp\/v2\/media\/91428"}],"wp:attachment":[{"href":"https:\/\/rezekne.citro.lv\/ru\/wp-json\/wp\/v2\/media?parent=90784"}],"wp:term":[{"taxonomy":"product_cat","embeddable":true,"href":"https:\/\/rezekne.citro.lv\/ru\/wp-json\/wp\/v2\/product_cat?post=90784"},{"taxonomy":"product_tag","embeddable":true,"href":"https:\/\/rezekne.citro.lv\/ru\/wp-json\/wp\/v2\/product_tag?post=90784"}],"curies":[{"name":"wp","href":"https:\/\/api.w.org\/{rel}","templated":true}]}}