{"id":90798,"date":"2026-03-26T00:16:26","date_gmt":"2026-03-25T22:16:26","guid":{"rendered":"https:\/\/rezekne.citro.lv\/veikals\/bariba-kakiem-kons-my-love-ar-trusa-galu-4x85g\/"},"modified":"2026-04-06T06:01:32","modified_gmt":"2026-04-06T03:01:32","slug":"bariba-kakiem-kons-my-love-ar-trusa-galu-4x85g","status":"publish","type":"product","link":"https:\/\/rezekne.citro.lv\/ru\/product\/bariba-kakiem-kons-my-love-ar-trusa-galu-4x85g\/","title":{"rendered":"BAR\u012aBA KA\u0136IEM KONS. MY LOVE AR TRU\u0160A GA\u013bU 4X85G"},"content":{"rendered":"<p>Izcelsmes valsts: Lietuva<\/p>\n","protected":false},"excerpt":{"rendered":"<p>4.09 \u20ac\/KG<\/p>\n","protected":false},"featured_media":90969,"template":"","meta":{"_acf_changed":false,"inline_featured_image":false},"product_cat":[153,175],"product_tag":[],"acf":[],"aioseo_notices":[],"_links":{"self":[{"href":"https:\/\/rezekne.citro.lv\/ru\/wp-json\/wp\/v2\/product\/90798"}],"collection":[{"href":"https:\/\/rezekne.citro.lv\/ru\/wp-json\/wp\/v2\/product"}],"about":[{"href":"https:\/\/rezekne.citro.lv\/ru\/wp-json\/wp\/v2\/types\/product"}],"wp:featuredmedia":[{"embeddable":true,"href":"https:\/\/rezekne.citro.lv\/ru\/wp-json\/wp\/v2\/media\/90969"}],"wp:attachment":[{"href":"https:\/\/rezekne.citro.lv\/ru\/wp-json\/wp\/v2\/media?parent=90798"}],"wp:term":[{"taxonomy":"product_cat","embeddable":true,"href":"https:\/\/rezekne.citro.lv\/ru\/wp-json\/wp\/v2\/product_cat?post=90798"},{"taxonomy":"product_tag","embeddable":true,"href":"https:\/\/rezekne.citro.lv\/ru\/wp-json\/wp\/v2\/product_tag?post=90798"}],"curies":[{"name":"wp","href":"https:\/\/api.w.org\/{rel}","templated":true}]}}