{"id":90812,"date":"2026-05-07T00:03:06","date_gmt":"2026-05-06T21:03:06","guid":{"rendered":"https:\/\/rezekne.citro.lv\/veikals\/cipsi-kukuruzas-doritos-krejuma-merces-garsu-100g\/"},"modified":"2026-05-07T00:03:09","modified_gmt":"2026-05-06T21:03:09","slug":"cipsi-kukuruzas-doritos-krejuma-merces-garsu-100g","status":"publish","type":"product","link":"https:\/\/rezekne.citro.lv\/ru\/product\/cipsi-kukuruzas-doritos-krejuma-merces-garsu-100g\/","title":{"rendered":"\u010cIP\u0160I KUKUR\u016aZAS DORITOS KR\u0112JUMA M\u0112RCES GAR\u0160U 100G"},"content":{"rendered":"<p>Izcelsmes valsts: Polija<\/p>\n","protected":false},"excerpt":{"rendered":"<p>17.90 \u20ac\/KG<\/p>\n","protected":false},"featured_media":91578,"template":"","meta":{"_acf_changed":false,"inline_featured_image":false},"product_cat":[125,191],"product_tag":[],"acf":[],"aioseo_notices":[],"_links":{"self":[{"href":"https:\/\/rezekne.citro.lv\/ru\/wp-json\/wp\/v2\/product\/90812"}],"collection":[{"href":"https:\/\/rezekne.citro.lv\/ru\/wp-json\/wp\/v2\/product"}],"about":[{"href":"https:\/\/rezekne.citro.lv\/ru\/wp-json\/wp\/v2\/types\/product"}],"wp:featuredmedia":[{"embeddable":true,"href":"https:\/\/rezekne.citro.lv\/ru\/wp-json\/wp\/v2\/media\/91578"}],"wp:attachment":[{"href":"https:\/\/rezekne.citro.lv\/ru\/wp-json\/wp\/v2\/media?parent=90812"}],"wp:term":[{"taxonomy":"product_cat","embeddable":true,"href":"https:\/\/rezekne.citro.lv\/ru\/wp-json\/wp\/v2\/product_cat?post=90812"},{"taxonomy":"product_tag","embeddable":true,"href":"https:\/\/rezekne.citro.lv\/ru\/wp-json\/wp\/v2\/product_tag?post=90812"}],"curies":[{"name":"wp","href":"https:\/\/api.w.org\/{rel}","templated":true}]}}