{"id":90849,"date":"2026-03-26T00:05:12","date_gmt":"2026-03-25T22:05:12","guid":{"rendered":"https:\/\/rezekne.citro.lv\/veikals\/konfektes-abolisi-kg\/"},"modified":"2026-04-09T12:00:13","modified_gmt":"2026-04-09T09:00:13","slug":"konfektes-abolisi-kg","status":"publish","type":"product","link":"https:\/\/rezekne.citro.lv\/ru\/product\/konfektes-abolisi-kg\/","title":{"rendered":"KONFEKTES \u0100BOL\u012a\u0160I KG"},"content":{"rendered":"","protected":false},"excerpt":{"rendered":"<p>5.59 \u20ac\/KG<\/p>\n","protected":false},"featured_media":91494,"template":"","meta":{"_acf_changed":false,"inline_featured_image":false},"product_cat":[125,201],"product_tag":[],"acf":[],"aioseo_notices":[],"_links":{"self":[{"href":"https:\/\/rezekne.citro.lv\/ru\/wp-json\/wp\/v2\/product\/90849"}],"collection":[{"href":"https:\/\/rezekne.citro.lv\/ru\/wp-json\/wp\/v2\/product"}],"about":[{"href":"https:\/\/rezekne.citro.lv\/ru\/wp-json\/wp\/v2\/types\/product"}],"wp:featuredmedia":[{"embeddable":true,"href":"https:\/\/rezekne.citro.lv\/ru\/wp-json\/wp\/v2\/media\/91494"}],"wp:attachment":[{"href":"https:\/\/rezekne.citro.lv\/ru\/wp-json\/wp\/v2\/media?parent=90849"}],"wp:term":[{"taxonomy":"product_cat","embeddable":true,"href":"https:\/\/rezekne.citro.lv\/ru\/wp-json\/wp\/v2\/product_cat?post=90849"},{"taxonomy":"product_tag","embeddable":true,"href":"https:\/\/rezekne.citro.lv\/ru\/wp-json\/wp\/v2\/product_tag?post=90849"}],"curies":[{"name":"wp","href":"https:\/\/api.w.org\/{rel}","templated":true}]}}