{"id":90851,"date":"2026-03-26T00:06:24","date_gmt":"2026-03-25T22:06:24","guid":{"rendered":"https:\/\/rezekne.citro.lv\/veikals\/cepumi-krekeri-mini-salie-ar-sviesta-garsu-petergailis-70g\/"},"modified":"2026-04-07T06:00:57","modified_gmt":"2026-04-07T03:00:57","slug":"cepumi-krekeri-mini-salie-ar-sviesta-garsu-petergailis-70g","status":"publish","type":"product","link":"https:\/\/rezekne.citro.lv\/ru\/product\/cepumi-krekeri-mini-salie-ar-sviesta-garsu-petergailis-70g\/","title":{"rendered":"CEPUMI KREKERI MINI S\u0100\u013bIE KLASIKA P\u0112TERGAILIS 70G"},"content":{"rendered":"<p>Izcelsmes valsts: Lietuva<\/p>\n","protected":false},"excerpt":{"rendered":"<p>13.57 \u20ac\/KG<\/p>\n","protected":false},"featured_media":79517,"template":"","meta":{"_acf_changed":false,"inline_featured_image":false},"product_cat":[125,139],"product_tag":[],"acf":[],"aioseo_notices":[],"_links":{"self":[{"href":"https:\/\/rezekne.citro.lv\/ru\/wp-json\/wp\/v2\/product\/90851"}],"collection":[{"href":"https:\/\/rezekne.citro.lv\/ru\/wp-json\/wp\/v2\/product"}],"about":[{"href":"https:\/\/rezekne.citro.lv\/ru\/wp-json\/wp\/v2\/types\/product"}],"wp:featuredmedia":[{"embeddable":true,"href":"https:\/\/rezekne.citro.lv\/ru\/wp-json\/wp\/v2\/media\/79517"}],"wp:attachment":[{"href":"https:\/\/rezekne.citro.lv\/ru\/wp-json\/wp\/v2\/media?parent=90851"}],"wp:term":[{"taxonomy":"product_cat","embeddable":true,"href":"https:\/\/rezekne.citro.lv\/ru\/wp-json\/wp\/v2\/product_cat?post=90851"},{"taxonomy":"product_tag","embeddable":true,"href":"https:\/\/rezekne.citro.lv\/ru\/wp-json\/wp\/v2\/product_tag?post=90851"}],"curies":[{"name":"wp","href":"https:\/\/api.w.org\/{rel}","templated":true}]}}