{"id":91289,"date":"2026-01-15T00:02:24","date_gmt":"2026-01-14T22:02:24","guid":{"rendered":"https:\/\/rezekne.citro.lv\/veikals\/silku-fileja-tomatu-merce-ar-darzeniem-cepta-500g-lucki\/"},"modified":"2026-03-09T06:00:19","modified_gmt":"2026-03-09T04:00:19","slug":"silku-fileja-tomatu-merce-ar-darzeniem-cepta-500g-lucki","status":"publish","type":"product","link":"https:\/\/rezekne.citro.lv\/ru\/product\/silku-fileja-tomatu-merce-ar-darzeniem-cepta-500g-lucki\/","title":{"rendered":"SI\u013b\u0136U FILEJA TOM\u0100TU M\u0112RC\u0112 AR D\u0100RZE\u0145IEM CEPTA 500G LUCKI"},"content":{"rendered":"<p>Izcelsmes valsts: Latvija<\/p>\n","protected":false},"excerpt":{"rendered":"<p>14.97 \u20ac\/KG<\/p>\n","protected":false},"featured_media":91074,"template":"","meta":{"_acf_changed":false,"inline_featured_image":false},"product_cat":[135,136],"product_tag":[],"acf":[],"aioseo_notices":[],"_links":{"self":[{"href":"https:\/\/rezekne.citro.lv\/ru\/wp-json\/wp\/v2\/product\/91289"}],"collection":[{"href":"https:\/\/rezekne.citro.lv\/ru\/wp-json\/wp\/v2\/product"}],"about":[{"href":"https:\/\/rezekne.citro.lv\/ru\/wp-json\/wp\/v2\/types\/product"}],"wp:featuredmedia":[{"embeddable":true,"href":"https:\/\/rezekne.citro.lv\/ru\/wp-json\/wp\/v2\/media\/91074"}],"wp:attachment":[{"href":"https:\/\/rezekne.citro.lv\/ru\/wp-json\/wp\/v2\/media?parent=91289"}],"wp:term":[{"taxonomy":"product_cat","embeddable":true,"href":"https:\/\/rezekne.citro.lv\/ru\/wp-json\/wp\/v2\/product_cat?post=91289"},{"taxonomy":"product_tag","embeddable":true,"href":"https:\/\/rezekne.citro.lv\/ru\/wp-json\/wp\/v2\/product_tag?post=91289"}],"curies":[{"name":"wp","href":"https:\/\/api.w.org\/{rel}","templated":true}]}}