{"id":91290,"date":"2026-04-23T00:02:29","date_gmt":"2026-04-22T21:02:29","guid":{"rendered":"https:\/\/rezekne.citro.lv\/veikals\/batonins-zott-monte-ar-lazdu-riekstiem-29g\/"},"modified":"2026-05-05T06:00:17","modified_gmt":"2026-05-05T03:00:17","slug":"batonins-zott-monte-ar-lazdu-riekstiem-29g","status":"publish","type":"product","link":"https:\/\/rezekne.citro.lv\/ru\/product\/batonins-zott-monte-ar-lazdu-riekstiem-29g\/","title":{"rendered":"BATONI\u0145\u0160 ZOTT MONTE AR LAZDU RIEKSTIEM 29G"},"content":{"rendered":"<p>Izcelsmes valsts: V\u0101cija<\/p>\n","protected":false},"excerpt":{"rendered":"<p>23.79 \u20ac\/KG<\/p>\n","protected":false},"featured_media":85861,"template":"","meta":{"_acf_changed":false,"inline_featured_image":false},"product_cat":[95,188],"product_tag":[],"acf":[],"aioseo_notices":[],"_links":{"self":[{"href":"https:\/\/rezekne.citro.lv\/ru\/wp-json\/wp\/v2\/product\/91290"}],"collection":[{"href":"https:\/\/rezekne.citro.lv\/ru\/wp-json\/wp\/v2\/product"}],"about":[{"href":"https:\/\/rezekne.citro.lv\/ru\/wp-json\/wp\/v2\/types\/product"}],"wp:featuredmedia":[{"embeddable":true,"href":"https:\/\/rezekne.citro.lv\/ru\/wp-json\/wp\/v2\/media\/85861"}],"wp:attachment":[{"href":"https:\/\/rezekne.citro.lv\/ru\/wp-json\/wp\/v2\/media?parent=91290"}],"wp:term":[{"taxonomy":"product_cat","embeddable":true,"href":"https:\/\/rezekne.citro.lv\/ru\/wp-json\/wp\/v2\/product_cat?post=91290"},{"taxonomy":"product_tag","embeddable":true,"href":"https:\/\/rezekne.citro.lv\/ru\/wp-json\/wp\/v2\/product_tag?post=91290"}],"curies":[{"name":"wp","href":"https:\/\/api.w.org\/{rel}","templated":true}]}}