{"id":91292,"date":"2026-04-01T00:02:10","date_gmt":"2026-03-31T21:02:10","guid":{"rendered":"https:\/\/rezekne.citro.lv\/veikals\/rengu-liemeni-cepti-viegla-marinade-500g-250g-lucki\/"},"modified":"2026-04-01T00:02:30","modified_gmt":"2026-03-31T21:02:30","slug":"rengu-liemeni-cepti-viegla-marinade-500g-250g-lucki","status":"publish","type":"product","link":"https:\/\/rezekne.citro.lv\/ru\/product\/rengu-liemeni-cepti-viegla-marinade-500g-250g-lucki\/","title":{"rendered":"RE\u0145\u0122U LIEME\u0145I CEPTI VIEGL\u0100 MARIN\u0100D\u0112 500G\/250G LUCKI"},"content":{"rendered":"<p>Izcelsmes valsts: Latvija<\/p>\n","protected":false},"excerpt":{"rendered":"<p>13.96 \u20ac\/KG<\/p>\n","protected":false},"featured_media":91075,"template":"","meta":{"_acf_changed":false,"inline_featured_image":false},"product_cat":[135,136],"product_tag":[],"acf":[],"aioseo_notices":[],"_links":{"self":[{"href":"https:\/\/rezekne.citro.lv\/ru\/wp-json\/wp\/v2\/product\/91292"}],"collection":[{"href":"https:\/\/rezekne.citro.lv\/ru\/wp-json\/wp\/v2\/product"}],"about":[{"href":"https:\/\/rezekne.citro.lv\/ru\/wp-json\/wp\/v2\/types\/product"}],"wp:featuredmedia":[{"embeddable":true,"href":"https:\/\/rezekne.citro.lv\/ru\/wp-json\/wp\/v2\/media\/91075"}],"wp:attachment":[{"href":"https:\/\/rezekne.citro.lv\/ru\/wp-json\/wp\/v2\/media?parent=91292"}],"wp:term":[{"taxonomy":"product_cat","embeddable":true,"href":"https:\/\/rezekne.citro.lv\/ru\/wp-json\/wp\/v2\/product_cat?post=91292"},{"taxonomy":"product_tag","embeddable":true,"href":"https:\/\/rezekne.citro.lv\/ru\/wp-json\/wp\/v2\/product_tag?post=91292"}],"curies":[{"name":"wp","href":"https:\/\/api.w.org\/{rel}","templated":true}]}}