{"id":91461,"date":"2026-03-26T00:17:13","date_gmt":"2026-03-25T22:17:13","guid":{"rendered":"https:\/\/rezekne.citro.lv\/veikals\/leco-tomatu-merce-gospodarocka-470g\/"},"modified":"2026-04-19T06:02:30","modified_gmt":"2026-04-19T03:02:30","slug":"leco-tomatu-merce-gospodarocka-470g","status":"publish","type":"product","link":"https:\/\/rezekne.citro.lv\/ru\/product\/leco-tomatu-merce-gospodarocka-470g\/","title":{"rendered":"LE\u010cO TOM\u0100TU M\u0112RC\u0112 GOSPODARO\u010cKA 470G"},"content":{"rendered":"<p>Izcelsmes valsts: Ukraina<\/p>\n","protected":false},"excerpt":{"rendered":"<p>4.23 \u20ac\/KG<\/p>\n","protected":false},"featured_media":93716,"template":"","meta":{"_acf_changed":false,"inline_featured_image":false},"product_cat":[103,137],"product_tag":[],"acf":[],"aioseo_notices":[],"_links":{"self":[{"href":"https:\/\/rezekne.citro.lv\/ru\/wp-json\/wp\/v2\/product\/91461"}],"collection":[{"href":"https:\/\/rezekne.citro.lv\/ru\/wp-json\/wp\/v2\/product"}],"about":[{"href":"https:\/\/rezekne.citro.lv\/ru\/wp-json\/wp\/v2\/types\/product"}],"wp:featuredmedia":[{"embeddable":true,"href":"https:\/\/rezekne.citro.lv\/ru\/wp-json\/wp\/v2\/media\/93716"}],"wp:attachment":[{"href":"https:\/\/rezekne.citro.lv\/ru\/wp-json\/wp\/v2\/media?parent=91461"}],"wp:term":[{"taxonomy":"product_cat","embeddable":true,"href":"https:\/\/rezekne.citro.lv\/ru\/wp-json\/wp\/v2\/product_cat?post=91461"},{"taxonomy":"product_tag","embeddable":true,"href":"https:\/\/rezekne.citro.lv\/ru\/wp-json\/wp\/v2\/product_tag?post=91461"}],"curies":[{"name":"wp","href":"https:\/\/api.w.org\/{rel}","templated":true}]}}